{"id":15574,"date":"2021-04-27T02:56:59","date_gmt":"2021-04-27T02:56:59","guid":{"rendered":"http:\/\/ninzio.com\/sublime\/?page_id=15574"},"modified":"2025-05-15T09:48:47","modified_gmt":"2025-05-15T07:48:47","slug":"par-mums","status":"publish","type":"page","link":"https:\/\/staiceleskrummellenes.lv\/en\/par-mums\/","title":{"rendered":"About us"},"content":{"rendered":"<div data-elementor-type=\"wp-page\" data-elementor-id=\"15574\" class=\"elementor elementor-15574\" data-elementor-post-type=\"page\">\n\t\t\t\t\t\t<section class=\"elementor-section elementor-top-section elementor-element elementor-element-c259b15 elementor-section-boxed elementor-section-height-default elementor-section-height-default\" data-id=\"c259b15\" data-element_type=\"section\" data-e-type=\"section\">\n\t\t\t\t\t\t<div class=\"elementor-container elementor-column-gap-default\">\n\t\t\t\t\t<div class=\"elementor-column elementor-col-50 elementor-top-column elementor-element elementor-element-83188ca\" data-id=\"83188ca\" data-element_type=\"column\" data-e-type=\"column\">\n\t\t\t<div class=\"elementor-widget-wrap elementor-element-populated\">\n\t\t\t\t\t\t<div class=\"elementor-element elementor-element-dd7a17a elementor-widget elementor-widget-image\" data-id=\"dd7a17a\" data-element_type=\"widget\" data-e-type=\"widget\" data-widget_type=\"image.default\">\n\t\t\t\t<div class=\"elementor-widget-container\">\n\t\t\t\t\t\t\t\t\t\t\t\t\t\t\t<img fetchpriority=\"high\" decoding=\"async\" width=\"800\" height=\"532\" src=\"https:\/\/staiceleskrummellenes.lv\/wp-content\/uploads\/2022\/04\/img.jpg\" class=\"attachment-large size-large wp-image-17865\" alt=\"\" srcset=\"https:\/\/staiceleskrummellenes.lv\/wp-content\/uploads\/2022\/04\/img.jpg 1024w, https:\/\/staiceleskrummellenes.lv\/wp-content\/uploads\/2022\/04\/img-535x356.jpg 535w, https:\/\/staiceleskrummellenes.lv\/wp-content\/uploads\/2022\/04\/img-300x200.jpg 300w, https:\/\/staiceleskrummellenes.lv\/wp-content\/uploads\/2022\/04\/img-768x511.jpg 768w\" sizes=\"(max-width: 800px) 100vw, 800px\" \/>\t\t\t\t\t\t\t\t\t\t\t\t\t\t\t<\/div>\n\t\t\t\t<\/div>\n\t\t\t\t\t<\/div>\n\t\t<\/div>\n\t\t\t\t<div class=\"elementor-column elementor-col-50 elementor-top-column elementor-element elementor-element-4655d40\" data-id=\"4655d40\" data-element_type=\"column\" data-e-type=\"column\">\n\t\t\t<div class=\"elementor-widget-wrap elementor-element-populated\">\n\t\t\t\t\t\t<div class=\"elementor-element elementor-element-3395980 elementor-widget elementor-widget-heading\" data-id=\"3395980\" data-element_type=\"widget\" data-e-type=\"widget\" data-widget_type=\"heading.default\">\n\t\t\t\t<div class=\"elementor-widget-container\">\n\t\t\t\t\t<h1 class=\"elementor-heading-title elementor-size-default\">SIA RUDZO \u2013 \u201e\u0122in\u0113nos\u201d<\/h1>\t\t\t\t<\/div>\n\t\t\t\t<\/div>\n\t\t\n\t\t<div class=\"elementor-element elementor-element-55de7d2 elementor-widget elementor-widget-text-editor\" data-id=\"55de7d2\" data-element_type=\"widget\" data-e-type=\"widget\" data-widget_type=\"text-editor.default\">\n\t\t\t\t<div class=\"elementor-widget-container\">\n\t\t\t\t\t\t\t\t\t<p>Rudzo Ltd. is a family business that we have been operating in for more than 10\nyears, it gives a lot of strength, endurance and a desire to work and please others. It is not\nonly a hobby, but also our heart's desire for many years. We are not farmers by profession\nand during these years we learn something new, improve our knowledge, rejoice in the end\nresult. Rudzo Ltd. was founded on November 3, 2011 with the aim of growing blueberries, and\nsince 2011, when we started to realize this dream, the farm has already built 7 greenhouse\ncomplexes and planted more than 11,000 seedlings.<\/p><p>One greenhouse or tunnel is 100 m long, 9 m wide and 3.5 m high. There are 4 tunnels in\none complex.\nTo ensure watering, an irrigation system has been built through which river and pond water\nis pumped to the greenhouse with the help of special pumps.<\/p><p>Blueberry varieties on our farm - Duke, Spartan, Patriots, Chandler, Blue crop, Blue Jay,\nHardyblue, etc.<\/p>\t\t\t\t\t\t\t\t<\/div>\n\t\t\t\t<\/div>\n\t\t\t\t<div class=\"elementor-element elementor-element-bd14aa4 animated-fast accent align--mobilecenter align-left elementor-invisible elementor-widget elementor-widget-mae-button\" data-id=\"bd14aa4\" data-element_type=\"widget\" data-e-type=\"widget\" data-settings=\"{&quot;_animation_delay&quot;:0,&quot;_animation&quot;:&quot;fadeInDown&quot;}\" data-widget_type=\"mae-button.default\">\n\t\t\t\t<div class=\"elementor-widget-container\">\n\t\t\t\t\t\n        <a class=\"master-button btn-accent icon-none medium\" href=\"#vairak\" >\n                        Find out more            <span class=\"hover-effect\"><\/span>\n                    <\/a>\n\n        \t\t\t\t<\/div>\n\t\t\t\t<\/div>\n\t\t\t\t\t<\/div>\n\t\t<\/div>\n\t\t\t\t\t<\/div>\n\t\t<\/section>\n\t\t\t\t<section class=\"elementor-section elementor-top-section elementor-element elementor-element-70ad48f vairak elementor-section-boxed elementor-section-height-default elementor-section-height-default\" data-id=\"70ad48f\" data-element_type=\"section\" data-e-type=\"section\" id=\"vairak\">\n\t\t\t\t\t\t<div class=\"elementor-container elementor-column-gap-default\">\n\t\t\t\t\t<div class=\"elementor-column elementor-col-50 elementor-top-column elementor-element elementor-element-6e92e95\" data-id=\"6e92e95\" data-element_type=\"column\" data-e-type=\"column\">\n\t\t\t<div class=\"elementor-widget-wrap elementor-element-populated\">\n\t\t\t\t\t\t<div class=\"elementor-element elementor-element-21a369e elementor-widget elementor-widget-heading\" data-id=\"21a369e\" data-element_type=\"widget\" data-e-type=\"widget\" data-widget_type=\"heading.default\">\n\t\t\t\t<div class=\"elementor-widget-container\">\n\t\t\t\t\t<h2 class=\"elementor-heading-title elementor-size-default\">Advantages of growing in greenhouses<\/h2>\t\t\t\t<\/div>\n\t\t\t\t<\/div>\n\t\t\t\t<div class=\"elementor-element elementor-element-c658e35 elementor-widget elementor-widget-text-editor\" data-id=\"c658e35\" data-element_type=\"widget\" data-e-type=\"widget\" data-widget_type=\"text-editor.default\">\n\t\t\t\t<div class=\"elementor-widget-container\">\n\t\t\t\t\t\t\t\t\t<ul><li>Accelerates harvesting;<\/li><li>\u00a0Improves crop quality;<\/li><li>\u00a0Limits the impact of adverse climatic conditions;<\/li><li>\u00a0Limits the spread of diseases and pests;<\/li><li>\u00a0Prevent crop loss caused by birds;<\/li><li>\u00a0It is possible to provide the required temperature by adjusting the height of the film;<\/li><li>\u00a0Increases productivity from 1 bush;<\/li><\/ul>\t\t\t\t\t\t\t\t<\/div>\n\t\t\t\t<\/div>\n\t\t\t\t<div class=\"elementor-element elementor-element-c7dec0e animated-fast accent align--mobilecenter align-left elementor-invisible elementor-widget elementor-widget-mae-button\" data-id=\"c7dec0e\" data-element_type=\"widget\" data-e-type=\"widget\" data-settings=\"{&quot;_animation_delay&quot;:0,&quot;_animation&quot;:&quot;fadeInDown&quot;}\" data-widget_type=\"mae-button.default\">\n\t\t\t\t<div class=\"elementor-widget-container\">\n\t\t\t\t\t\n        <a class=\"master-button btn-accent icon-none medium\" href=\"https:\/\/staiceleskrummellenes.lv\/en\/kontakti\/\" >\n                        Get in touch            <span class=\"hover-effect\"><\/span>\n                    <\/a>\n\n        \t\t\t\t<\/div>\n\t\t\t\t<\/div>\n\t\t\t\t\t<\/div>\n\t\t<\/div>\n\t\t\t\t<div class=\"elementor-column elementor-col-50 elementor-top-column elementor-element elementor-element-2f33286\" data-id=\"2f33286\" data-element_type=\"column\" data-e-type=\"column\">\n\t\t\t<div class=\"elementor-widget-wrap elementor-element-populated\">\n\t\t\t\t\t\t<div class=\"elementor-element elementor-element-8d06ad0 elementor-widget elementor-widget-image\" data-id=\"8d06ad0\" data-element_type=\"widget\" data-e-type=\"widget\" data-widget_type=\"image.default\">\n\t\t\t\t<div class=\"elementor-widget-container\">\n\t\t\t\t\t\t\t\t\t\t\t\t\t\t\t<img decoding=\"async\" width=\"800\" height=\"532\" src=\"https:\/\/staiceleskrummellenes.lv\/wp-content\/uploads\/2022\/04\/img2.jpg\" class=\"attachment-large size-large wp-image-17886\" alt=\"\" srcset=\"https:\/\/staiceleskrummellenes.lv\/wp-content\/uploads\/2022\/04\/img2.jpg 1024w, https:\/\/staiceleskrummellenes.lv\/wp-content\/uploads\/2022\/04\/img2-535x356.jpg 535w, https:\/\/staiceleskrummellenes.lv\/wp-content\/uploads\/2022\/04\/img2-300x200.jpg 300w, https:\/\/staiceleskrummellenes.lv\/wp-content\/uploads\/2022\/04\/img2-768x511.jpg 768w\" sizes=\"(max-width: 800px) 100vw, 800px\" \/>\t\t\t\t\t\t\t\t\t\t\t\t\t\t\t<\/div>\n\t\t\t\t<\/div>\n\t\t\t\t\t<\/div>\n\t\t<\/div>\n\t\t\t\t\t<\/div>\n\t\t<\/section>\n\t\t\t\t<section class=\"elementor-section elementor-top-section elementor-element elementor-element-4c78b8e vairak elementor-section-boxed elementor-section-height-default elementor-section-height-default\" data-id=\"4c78b8e\" data-element_type=\"section\" data-e-type=\"section\">\n\t\t\t\t\t\t<div class=\"elementor-container elementor-column-gap-default\">\n\t\t\t\t\t<div class=\"elementor-column elementor-col-50 elementor-top-column elementor-element elementor-element-5cb57f2\" data-id=\"5cb57f2\" data-element_type=\"column\" data-e-type=\"column\">\n\t\t\t<div class=\"elementor-widget-wrap elementor-element-populated\">\n\t\t\t\t\t\t<div class=\"elementor-element elementor-element-a5327db elementor-widget elementor-widget-image\" data-id=\"a5327db\" data-element_type=\"widget\" data-e-type=\"widget\" data-widget_type=\"image.default\">\n\t\t\t\t<div class=\"elementor-widget-container\">\n\t\t\t\t\t\t\t\t\t\t\t\t\t\t\t<img decoding=\"async\" width=\"800\" height=\"600\" src=\"https:\/\/staiceleskrummellenes.lv\/wp-content\/uploads\/2025\/05\/666972252.jpg\" class=\"attachment-large size-large wp-image-18706\" alt=\"\" srcset=\"https:\/\/staiceleskrummellenes.lv\/wp-content\/uploads\/2025\/05\/666972252.jpg 1024w, https:\/\/staiceleskrummellenes.lv\/wp-content\/uploads\/2025\/05\/666972252-300x225.jpg 300w, https:\/\/staiceleskrummellenes.lv\/wp-content\/uploads\/2025\/05\/666972252-768x576.jpg 768w, https:\/\/staiceleskrummellenes.lv\/wp-content\/uploads\/2025\/05\/666972252-16x12.jpg 16w, https:\/\/staiceleskrummellenes.lv\/wp-content\/uploads\/2025\/05\/666972252-535x401.jpg 535w\" sizes=\"(max-width: 800px) 100vw, 800px\" \/>\t\t\t\t\t\t\t\t\t\t\t\t\t\t\t<\/div>\n\t\t\t\t<\/div>\n\t\t\t\t\t<\/div>\n\t\t<\/div>\n\t\t\t\t<div class=\"elementor-column elementor-col-50 elementor-top-column elementor-element elementor-element-a571c3d\" data-id=\"a571c3d\" data-element_type=\"column\" data-e-type=\"column\">\n\t\t\t<div class=\"elementor-widget-wrap elementor-element-populated\">\n\t\t\t\t\t\t<div class=\"elementor-element elementor-element-5d18ab6 elementor-widget elementor-widget-heading\" data-id=\"5d18ab6\" data-element_type=\"widget\" data-e-type=\"widget\" data-widget_type=\"heading.default\">\n\t\t\t\t<div class=\"elementor-widget-container\">\n\t\t\t\t\t<h2 class=\"elementor-heading-title elementor-size-default\">Melle\u0146u ligzda Viesu nams<\/h2>\t\t\t\t<\/div>\n\t\t\t\t<\/div>\n\t\t\t\t<div class=\"elementor-element elementor-element-ecd3c82 elementor-widget elementor-widget-text-editor\" data-id=\"ecd3c82\" data-element_type=\"widget\" data-e-type=\"widget\" data-widget_type=\"text-editor.default\">\n\t\t\t\t<div class=\"elementor-widget-container\">\n\t\t\t\t\t\t\t\t\t<ul><li class=\"\" data-start=\"289\" data-end=\"331\"><p class=\"\" data-start=\"291\" data-end=\"331\">Nodro\u0161ina mier\u012bgu atp\u016btu dabas tuvum\u0101;<\/p><\/li><li class=\"\" data-start=\"332\" data-end=\"395\"><p class=\"\" data-start=\"334\" data-end=\"395\">\u0112rts un m\u0101j\u012bgs interjers, piem\u0113rots gan p\u0101rim, gan \u0123imenei;<\/p><\/li><li class=\"\" data-start=\"396\" data-end=\"445\"><p class=\"\" data-start=\"398\" data-end=\"445\">Aizsarg\u0101ts un kluss pagalms ar priv\u0101tu d\u0101rzu;<\/p><\/li><li class=\"\" data-start=\"446\" data-end=\"476\"><p class=\"\" data-start=\"448\" data-end=\"476\">Stabils WiFi vis\u0101 \u012bpa\u0161um\u0101;<\/p><\/li><li class=\"\" data-start=\"477\" data-end=\"517\"><p class=\"\" data-start=\"479\" data-end=\"517\">Bezmaksas st\u0101vvieta pie pa\u0161as m\u0101jas;<\/p><\/li><li class=\"\" data-start=\"518\" data-end=\"583\"><p class=\"\" data-start=\"520\" data-end=\"583\">\u0112rta atra\u0161an\u0101s vieta Vidzemes laukos \u2014 tikai 130 km no R\u012bgas;<\/p><\/li><li class=\"\" data-start=\"584\" data-end=\"633\"><p class=\"\" data-start=\"586\" data-end=\"633\">Person\u0101ls run\u0101 latviski, angliski un krieviski.<\/p><\/li><\/ul>\t\t\t\t\t\t\t\t<\/div>\n\t\t\t\t<\/div>\n\t\t\t\t<div class=\"elementor-element elementor-element-27badd2 animated-fast accent align--mobilecenter align-left elementor-invisible elementor-widget elementor-widget-mae-button\" data-id=\"27badd2\" data-element_type=\"widget\" data-e-type=\"widget\" data-settings=\"{&quot;_animation_delay&quot;:0,&quot;_animation&quot;:&quot;fadeInDown&quot;}\" data-widget_type=\"mae-button.default\">\n\t\t\t\t<div class=\"elementor-widget-container\">\n\t\t\t\t\t\n        <a class=\"master-button btn-accent icon-none medium\" href=\"https:\/\/staiceleskrummellenes.lv\/en\/kontakti\/\" >\n                        Get in touch            <span class=\"hover-effect\"><\/span>\n                    <\/a>\n\n        \t\t\t\t<\/div>\n\t\t\t\t<\/div>\n\t\t\t\t\t<\/div>\n\t\t<\/div>\n\t\t\t\t\t<\/div>\n\t\t<\/section>\n\t\t\t\t<\/div>","protected":false},"excerpt":{"rendered":"<p>SIA RUDZO \u2013 \u201e\u0122in\u0113nos\u201d Uz\u0146emums tika dibin\u0101ts 2010.gad\u0101 ar m\u0113r\u0137i audz\u0113t kr\u016bmmellenes un jau 2011.gad\u0101 realiz\u0113jot \u0161o sapni , tika uzb\u016bv\u0113ta siltumn\u012bcas kompleks un iest\u0101d\u012bti 1600 st\u0101di. Siltumn\u012bcas garums ir 100m , platums 9m un augstums 3,5 m. Kompleks\u0101 ir 4 tune\u013ci . Lai nodro\u0161in\u0101tu laist\u012b\u0161anu ir izb\u016bv\u0113ta laist\u012b\u0161anas sist\u0113ma caur kuru upes un d\u012b\u0137a [&hellip;]<\/p>\n","protected":false},"author":2,"featured_media":0,"parent":0,"menu_order":0,"comment_status":"closed","ping_status":"closed","template":"elementor_header_footer","meta":{"footnotes":""},"class_list":["post-15574","page","type-page","status-publish","hentry"],"yoast_head":"<!-- This site is optimized with the Yoast SEO plugin v27.4 - https:\/\/yoast.com\/product\/yoast-seo-wordpress\/ -->\n<title>Par Mums - Staiceles kr\u016bmmellenes<\/title>\n<meta name=\"robots\" content=\"index, follow, max-snippet:-1, max-image-preview:large, max-video-preview:-1\" \/>\n<link rel=\"canonical\" href=\"https:\/\/staiceleskrummellenes.lv\/en\/par-mums\/\" \/>\n<meta property=\"og:locale\" content=\"en_US\" \/>\n<meta property=\"og:type\" content=\"article\" \/>\n<meta property=\"og:title\" content=\"Par Mums - Staiceles kr\u016bmmellenes\" \/>\n<meta property=\"og:description\" content=\"SIA RUDZO \u2013 \u201e\u0122in\u0113nos\u201d Uz\u0146emums tika dibin\u0101ts 2010.gad\u0101 ar m\u0113r\u0137i audz\u0113t kr\u016bmmellenes un jau 2011.gad\u0101 realiz\u0113jot \u0161o sapni , tika uzb\u016bv\u0113ta siltumn\u012bcas kompleks un iest\u0101d\u012bti 1600 st\u0101di. Siltumn\u012bcas garums ir 100m , platums 9m un augstums 3,5 m. Kompleks\u0101 ir 4 tune\u013ci . Lai nodro\u0161in\u0101tu laist\u012b\u0161anu ir izb\u016bv\u0113ta laist\u012b\u0161anas sist\u0113ma caur kuru upes un d\u012b\u0137a [&hellip;]\" \/>\n<meta property=\"og:url\" content=\"https:\/\/staiceleskrummellenes.lv\/en\/par-mums\/\" \/>\n<meta property=\"og:site_name\" content=\"Staiceles kr\u016bmmellenes\" \/>\n<meta property=\"article:publisher\" content=\"https:\/\/www.facebook.com\/staiceleskrummellenes\" \/>\n<meta property=\"article:modified_time\" content=\"2025-05-15T07:48:47+00:00\" \/>\n<meta property=\"og:image\" content=\"https:\/\/staiceleskrummellenes.lv\/wp-content\/uploads\/2022\/04\/img.jpg\" \/>\n\t<meta property=\"og:image:width\" content=\"1024\" \/>\n\t<meta property=\"og:image:height\" content=\"681\" \/>\n\t<meta property=\"og:image:type\" content=\"image\/jpeg\" \/>\n<meta name=\"twitter:card\" content=\"summary_large_image\" \/>\n<meta name=\"twitter:label1\" content=\"Est. reading time\" \/>\n\t<meta name=\"twitter:data1\" content=\"2 minutes\" \/>\n<script type=\"application\/ld+json\" class=\"yoast-schema-graph\">{\"@context\":\"https:\\\/\\\/schema.org\",\"@graph\":[{\"@type\":\"WebPage\",\"@id\":\"https:\\\/\\\/staiceleskrummellenes.lv\\\/par-mums\\\/\",\"url\":\"https:\\\/\\\/staiceleskrummellenes.lv\\\/par-mums\\\/\",\"name\":\"Par Mums - Staiceles kr\u016bmmellenes\",\"isPartOf\":{\"@id\":\"https:\\\/\\\/staiceleskrummellenes.lv\\\/#website\"},\"primaryImageOfPage\":{\"@id\":\"https:\\\/\\\/staiceleskrummellenes.lv\\\/par-mums\\\/#primaryimage\"},\"image\":{\"@id\":\"https:\\\/\\\/staiceleskrummellenes.lv\\\/par-mums\\\/#primaryimage\"},\"thumbnailUrl\":\"https:\\\/\\\/staiceleskrummellenes.lv\\\/wp-content\\\/uploads\\\/2022\\\/04\\\/img.jpg\",\"datePublished\":\"2021-04-27T02:56:59+00:00\",\"dateModified\":\"2025-05-15T07:48:47+00:00\",\"breadcrumb\":{\"@id\":\"https:\\\/\\\/staiceleskrummellenes.lv\\\/par-mums\\\/#breadcrumb\"},\"inLanguage\":\"en-US\",\"potentialAction\":[{\"@type\":\"ReadAction\",\"target\":[\"https:\\\/\\\/staiceleskrummellenes.lv\\\/par-mums\\\/\"]}]},{\"@type\":\"ImageObject\",\"inLanguage\":\"en-US\",\"@id\":\"https:\\\/\\\/staiceleskrummellenes.lv\\\/par-mums\\\/#primaryimage\",\"url\":\"https:\\\/\\\/staiceleskrummellenes.lv\\\/wp-content\\\/uploads\\\/2022\\\/04\\\/img.jpg\",\"contentUrl\":\"https:\\\/\\\/staiceleskrummellenes.lv\\\/wp-content\\\/uploads\\\/2022\\\/04\\\/img.jpg\"},{\"@type\":\"BreadcrumbList\",\"@id\":\"https:\\\/\\\/staiceleskrummellenes.lv\\\/par-mums\\\/#breadcrumb\",\"itemListElement\":[{\"@type\":\"ListItem\",\"position\":1,\"name\":\"Home\",\"item\":\"https:\\\/\\\/staiceleskrummellenes.lv\\\/\"},{\"@type\":\"ListItem\",\"position\":2,\"name\":\"Par Mums\"}]},{\"@type\":\"WebSite\",\"@id\":\"https:\\\/\\\/staiceleskrummellenes.lv\\\/#website\",\"url\":\"https:\\\/\\\/staiceleskrummellenes.lv\\\/\",\"name\":\"Staiceles kr\u016bmmellenes\",\"description\":\"Audz\u0113ts staicel\u0113\",\"publisher\":{\"@id\":\"https:\\\/\\\/staiceleskrummellenes.lv\\\/#organization\"},\"potentialAction\":[{\"@type\":\"SearchAction\",\"target\":{\"@type\":\"EntryPoint\",\"urlTemplate\":\"https:\\\/\\\/staiceleskrummellenes.lv\\\/?s={search_term_string}\"},\"query-input\":{\"@type\":\"PropertyValueSpecification\",\"valueRequired\":true,\"valueName\":\"search_term_string\"}}],\"inLanguage\":\"en-US\"},{\"@type\":\"Organization\",\"@id\":\"https:\\\/\\\/staiceleskrummellenes.lv\\\/#organization\",\"name\":\"Staiceles Kr\u016bmmellenes\",\"url\":\"https:\\\/\\\/staiceleskrummellenes.lv\\\/\",\"logo\":{\"@type\":\"ImageObject\",\"inLanguage\":\"en-US\",\"@id\":\"https:\\\/\\\/staiceleskrummellenes.lv\\\/#\\\/schema\\\/logo\\\/image\\\/\",\"url\":\"https:\\\/\\\/staiceleskrummellenes.lv\\\/wp-content\\\/uploads\\\/2022\\\/04\\\/Unlogo2.jpg\",\"contentUrl\":\"https:\\\/\\\/staiceleskrummellenes.lv\\\/wp-content\\\/uploads\\\/2022\\\/04\\\/Unlogo2.jpg\",\"width\":166,\"height\":40,\"caption\":\"Staiceles Kr\u016bmmellenes\"},\"image\":{\"@id\":\"https:\\\/\\\/staiceleskrummellenes.lv\\\/#\\\/schema\\\/logo\\\/image\\\/\"},\"sameAs\":[\"https:\\\/\\\/www.facebook.com\\\/staiceleskrummellenes\",\"https:\\\/\\\/www.instagram.com\\\/staiceleskrummellenes\\\/\",\"https:\\\/\\\/www.pinterest.com\\\/staiceleskrummellenes\\\/\"]}]}<\/script>\n<!-- \/ Yoast SEO plugin. -->","yoast_head_json":{"title":"Par Mums - Staiceles kr\u016bmmellenes","robots":{"index":"index","follow":"follow","max-snippet":"max-snippet:-1","max-image-preview":"max-image-preview:large","max-video-preview":"max-video-preview:-1"},"canonical":"https:\/\/staiceleskrummellenes.lv\/en\/par-mums\/","og_locale":"en_US","og_type":"article","og_title":"Par Mums - Staiceles kr\u016bmmellenes","og_description":"SIA RUDZO \u2013 \u201e\u0122in\u0113nos\u201d Uz\u0146emums tika dibin\u0101ts 2010.gad\u0101 ar m\u0113r\u0137i audz\u0113t kr\u016bmmellenes un jau 2011.gad\u0101 realiz\u0113jot \u0161o sapni , tika uzb\u016bv\u0113ta siltumn\u012bcas kompleks un iest\u0101d\u012bti 1600 st\u0101di. Siltumn\u012bcas garums ir 100m , platums 9m un augstums 3,5 m. Kompleks\u0101 ir 4 tune\u013ci . Lai nodro\u0161in\u0101tu laist\u012b\u0161anu ir izb\u016bv\u0113ta laist\u012b\u0161anas sist\u0113ma caur kuru upes un d\u012b\u0137a [&hellip;]","og_url":"https:\/\/staiceleskrummellenes.lv\/en\/par-mums\/","og_site_name":"Staiceles kr\u016bmmellenes","article_publisher":"https:\/\/www.facebook.com\/staiceleskrummellenes","article_modified_time":"2025-05-15T07:48:47+00:00","og_image":[{"width":1024,"height":681,"url":"https:\/\/staiceleskrummellenes.lv\/wp-content\/uploads\/2022\/04\/img.jpg","type":"image\/jpeg"}],"twitter_card":"summary_large_image","twitter_misc":{"Est. reading time":"2 minutes"},"schema":{"@context":"https:\/\/schema.org","@graph":[{"@type":"WebPage","@id":"https:\/\/staiceleskrummellenes.lv\/par-mums\/","url":"https:\/\/staiceleskrummellenes.lv\/par-mums\/","name":"Par Mums - Staiceles kr\u016bmmellenes","isPartOf":{"@id":"https:\/\/staiceleskrummellenes.lv\/#website"},"primaryImageOfPage":{"@id":"https:\/\/staiceleskrummellenes.lv\/par-mums\/#primaryimage"},"image":{"@id":"https:\/\/staiceleskrummellenes.lv\/par-mums\/#primaryimage"},"thumbnailUrl":"https:\/\/staiceleskrummellenes.lv\/wp-content\/uploads\/2022\/04\/img.jpg","datePublished":"2021-04-27T02:56:59+00:00","dateModified":"2025-05-15T07:48:47+00:00","breadcrumb":{"@id":"https:\/\/staiceleskrummellenes.lv\/par-mums\/#breadcrumb"},"inLanguage":"en-US","potentialAction":[{"@type":"ReadAction","target":["https:\/\/staiceleskrummellenes.lv\/par-mums\/"]}]},{"@type":"ImageObject","inLanguage":"en-US","@id":"https:\/\/staiceleskrummellenes.lv\/par-mums\/#primaryimage","url":"https:\/\/staiceleskrummellenes.lv\/wp-content\/uploads\/2022\/04\/img.jpg","contentUrl":"https:\/\/staiceleskrummellenes.lv\/wp-content\/uploads\/2022\/04\/img.jpg"},{"@type":"BreadcrumbList","@id":"https:\/\/staiceleskrummellenes.lv\/par-mums\/#breadcrumb","itemListElement":[{"@type":"ListItem","position":1,"name":"Home","item":"https:\/\/staiceleskrummellenes.lv\/"},{"@type":"ListItem","position":2,"name":"Par Mums"}]},{"@type":"WebSite","@id":"https:\/\/staiceleskrummellenes.lv\/#website","url":"https:\/\/staiceleskrummellenes.lv\/","name":"Staiceles kr\u016bmmellenes","description":"Audz\u0113ts staicel\u0113","publisher":{"@id":"https:\/\/staiceleskrummellenes.lv\/#organization"},"potentialAction":[{"@type":"SearchAction","target":{"@type":"EntryPoint","urlTemplate":"https:\/\/staiceleskrummellenes.lv\/?s={search_term_string}"},"query-input":{"@type":"PropertyValueSpecification","valueRequired":true,"valueName":"search_term_string"}}],"inLanguage":"en-US"},{"@type":"Organization","@id":"https:\/\/staiceleskrummellenes.lv\/#organization","name":"Staiceles Kr\u016bmmellenes","url":"https:\/\/staiceleskrummellenes.lv\/","logo":{"@type":"ImageObject","inLanguage":"en-US","@id":"https:\/\/staiceleskrummellenes.lv\/#\/schema\/logo\/image\/","url":"https:\/\/staiceleskrummellenes.lv\/wp-content\/uploads\/2022\/04\/Unlogo2.jpg","contentUrl":"https:\/\/staiceleskrummellenes.lv\/wp-content\/uploads\/2022\/04\/Unlogo2.jpg","width":166,"height":40,"caption":"Staiceles Kr\u016bmmellenes"},"image":{"@id":"https:\/\/staiceleskrummellenes.lv\/#\/schema\/logo\/image\/"},"sameAs":["https:\/\/www.facebook.com\/staiceleskrummellenes","https:\/\/www.instagram.com\/staiceleskrummellenes\/","https:\/\/www.pinterest.com\/staiceleskrummellenes\/"]}]}},"_links":{"self":[{"href":"https:\/\/staiceleskrummellenes.lv\/en\/wp-json\/wp\/v2\/pages\/15574","targetHints":{"allow":["GET"]}}],"collection":[{"href":"https:\/\/staiceleskrummellenes.lv\/en\/wp-json\/wp\/v2\/pages"}],"about":[{"href":"https:\/\/staiceleskrummellenes.lv\/en\/wp-json\/wp\/v2\/types\/page"}],"author":[{"embeddable":true,"href":"https:\/\/staiceleskrummellenes.lv\/en\/wp-json\/wp\/v2\/users\/2"}],"replies":[{"embeddable":true,"href":"https:\/\/staiceleskrummellenes.lv\/en\/wp-json\/wp\/v2\/comments?post=15574"}],"version-history":[{"count":57,"href":"https:\/\/staiceleskrummellenes.lv\/en\/wp-json\/wp\/v2\/pages\/15574\/revisions"}],"predecessor-version":[{"id":18709,"href":"https:\/\/staiceleskrummellenes.lv\/en\/wp-json\/wp\/v2\/pages\/15574\/revisions\/18709"}],"wp:attachment":[{"href":"https:\/\/staiceleskrummellenes.lv\/en\/wp-json\/wp\/v2\/media?parent=15574"}],"curies":[{"name":"wp","href":"https:\/\/api.w.org\/{rel}","templated":true}]}}