{"id":18056,"date":"2022-04-26T10:19:20","date_gmt":"2022-04-26T08:19:20","guid":{"rendered":"http:\/\/staiceleskrummellenes.lv\/?post_type=product&#038;p=18056"},"modified":"2022-12-16T21:51:47","modified_gmt":"2022-12-16T19:51:47","slug":"komplekts-skivis-kruze-mellenu","status":"publish","type":"product","link":"https:\/\/staiceleskrummellenes.lv\/en\/product\/komplekts-skivis-kruze-mellenu\/","title":{"rendered":"Komplekts &#8211; apak\u0161tas\u012bte un kr\u016bze"},"content":{"rendered":"<p><span style=\"font-weight: 400;\">Izstr\u0101d\u0101juma kr\u0101sa var nedaudz at\u0161\u0137irties no dator\u0101 atveidojam\u0101s izstr\u0101d\u0101juma kr\u0101sas.<\/span><\/p>\n<p><span style=\"font-weight: 400;\">Ja v\u0113lies ieg\u0101d\u0101ties vairum\u0101,\u00a0 tad raksti uz <\/span><a href=\"mailto:info@staiceleskrummellenes.lv\"><span style=\"font-weight: 400;\">info@staiceleskrummellenes.lv<\/span><\/a><span style=\"font-weight: 400;\"> un r\u0113\u0137inies ar 7 \u2013 10\u00a0 darba dienu ilgu izgatavo\u0161anas laiku.<\/span><\/p>","protected":false},"excerpt":{"rendered":"<p><span style=\"font-weight: 400;\">Vasara ir tikai da\u017eus m\u0113ne\u0161us gad\u0101, bet Tu vari to baud\u012bt cauru gadu &#8211; katru r\u012btu dzerot savu m\u012b\u013c\u0101ko kapu\u010dino vai vasar\u0101 sav\u0101kto z\u0101\u013cu t\u0113ju, uzliekot uz \u0161\u0137\u012bv\u012b\u0161a brokastu maiz\u012bti vai svaigi ceptas pank\u016bkas. Radi \u0161o sajutu ar skaistiem traukiem, kas nodruk\u0101ti dekoldruk\u0101 *! Tu sajut\u012bsi \u0161o vasaras gar\u0161u un kr\u0101sas, kas paliku\u0161as spilgt\u0101 atmi\u0146\u0101. Izv\u0113lies sev vai uzd\u0101vini k\u0101dam \u012bpa\u0161am cilv\u0113kam, ar ko grib\u0113tu dal\u012bties ar saj\u016bt\u0101s un emociju kr\u0101s\u0101s.\u00a0 Kombin\u0113 to ar dviel\u012bti vai priek\u0161autu, \u013caujies b\u016bt m\u0101kslinieks, kas pats z\u012bm\u0113 savu vasaras emociju z\u012bm\u0113jumu!<\/span><\/p>\n<p><span style=\"font-weight: 400;\"><strong>Kr\u016bze<\/strong> \u2013 400ml\u00a0<\/span><\/p>\n<p><span style=\"font-weight: 400;\"><strong>Apak\u0161tas\u012bte<\/strong> \u2013 x cm \u00d8<\/span><\/p>\n<p><span style=\"font-weight: 400;\"><strong>Ra\u017eots<\/strong>: Latvij\u0101<\/span><\/p>\n<p><span style=\"font-weight: 400;\">*<\/span><span style=\"font-weight: 400;\">Decal printing is the most permanent type of printing where the printing result is of the highest of qualities. The printed dishes can be washed in the dishwasher as well. It is compatible with food.<\/span><\/p>\n<p>&nbsp;<\/p>","protected":false},"featured_media":18575,"comment_status":"closed","ping_status":"closed","template":"","meta":[],"product_brand":[],"product_cat":[59],"product_tag":[],"class_list":{"0":"post-18056","1":"product","2":"type-product","3":"status-publish","4":"has-post-thumbnail","6":"product_cat-oga","8":"first","9":"instock","10":"taxable","11":"shipping-taxable","12":"purchasable","13":"product-type-variable"},"yoast_head":"<!-- This site is optimized with the Yoast SEO plugin v27.4 - https:\/\/yoast.com\/product\/yoast-seo-wordpress\/ -->\n<title>Komplekts - apak\u0161tas\u012bte un kr\u016bze - Staiceles kr\u016bmmellenes<\/title>\n<meta name=\"robots\" content=\"index, follow, max-snippet:-1, max-image-preview:large, max-video-preview:-1\" \/>\n<link rel=\"canonical\" href=\"https:\/\/staiceleskrummellenes.lv\/en\/product\/komplekts-skivis-kruze-mellenu\/\" \/>\n<meta property=\"og:locale\" content=\"en_US\" \/>\n<meta property=\"og:type\" content=\"article\" \/>\n<meta property=\"og:title\" content=\"Komplekts - apak\u0161tas\u012bte un kr\u016bze - Staiceles kr\u016bmmellenes\" \/>\n<meta property=\"og:description\" content=\"Vasara ir tikai da\u017eus m\u0113ne\u0161us gad\u0101, bet Tu vari to baud\u012bt cauru gadu - katru r\u012btu dzerot savu m\u012b\u013c\u0101ko kapu\u010dino vai vasar\u0101 sav\u0101kto z\u0101\u013cu t\u0113ju, uzliekot uz \u0161\u0137\u012bv\u012b\u0161a brokastu maiz\u012bti vai svaigi ceptas pank\u016bkas. Radi \u0161o sajutu ar skaistiem traukiem, kas nodruk\u0101ti dekoldruk\u0101 *! Tu sajut\u012bsi \u0161o vasaras gar\u0161u un kr\u0101sas, kas paliku\u0161as spilgt\u0101 atmi\u0146\u0101. Izv\u0113lies sev vai uzd\u0101vini k\u0101dam \u012bpa\u0161am cilv\u0113kam, ar ko grib\u0113tu dal\u012bties ar saj\u016bt\u0101s un emociju kr\u0101s\u0101s.\u00a0 Kombin\u0113 to ar dviel\u012bti vai priek\u0161autu, \u013caujies b\u016bt m\u0101kslinieks, kas pats z\u012bm\u0113 savu vasaras emociju z\u012bm\u0113jumu!  Kr\u016bze \u2013 400ml\u00a0  Apak\u0161tas\u012bte \u2013 x cm \u00d8  Ra\u017eots: Latvij\u0101  *Dekoldruka ir notur\u012bg\u0101kais apdrukas veids, apdrukas rezult\u0101ts ir kvalitat\u012bvs un apdruk\u0101tos traukus var\u0113s mazg\u0101t trauku ma\u0161\u012bn\u0101. Tas ir sader\u012bgs lieto\u0161anai ar p\u0101rtiku.  &nbsp;\" \/>\n<meta property=\"og:url\" content=\"https:\/\/staiceleskrummellenes.lv\/en\/product\/komplekts-skivis-kruze-mellenu\/\" \/>\n<meta property=\"og:site_name\" content=\"Staiceles kr\u016bmmellenes\" \/>\n<meta property=\"article:publisher\" content=\"https:\/\/www.facebook.com\/staiceleskrummellenes\" \/>\n<meta property=\"article:modified_time\" content=\"2022-12-16T19:51:47+00:00\" \/>\n<meta property=\"og:image\" content=\"https:\/\/staiceleskrummellenes.lv\/wp-content\/uploads\/2022\/05\/foto-Kaspars-Garda-KGX_7509_.jpg\" \/>\n\t<meta property=\"og:image:width\" content=\"1800\" \/>\n\t<meta property=\"og:image:height\" content=\"1201\" \/>\n\t<meta property=\"og:image:type\" content=\"image\/jpeg\" \/>\n<meta name=\"twitter:card\" content=\"summary_large_image\" \/>\n<meta name=\"twitter:label1\" content=\"Est. reading time\" \/>\n\t<meta name=\"twitter:data1\" content=\"1 minute\" \/>\n<script type=\"application\/ld+json\" class=\"yoast-schema-graph\">{\"@context\":\"https:\\\/\\\/schema.org\",\"@graph\":[{\"@type\":\"WebPage\",\"@id\":\"https:\\\/\\\/staiceleskrummellenes.lv\\\/product\\\/komplekts-skivis-kruze-mellenu\\\/\",\"url\":\"https:\\\/\\\/staiceleskrummellenes.lv\\\/product\\\/komplekts-skivis-kruze-mellenu\\\/\",\"name\":\"Komplekts - apak\u0161tas\u012bte un kr\u016bze - Staiceles kr\u016bmmellenes\",\"isPartOf\":{\"@id\":\"https:\\\/\\\/staiceleskrummellenes.lv\\\/#website\"},\"primaryImageOfPage\":{\"@id\":\"https:\\\/\\\/staiceleskrummellenes.lv\\\/product\\\/komplekts-skivis-kruze-mellenu\\\/#primaryimage\"},\"image\":{\"@id\":\"https:\\\/\\\/staiceleskrummellenes.lv\\\/product\\\/komplekts-skivis-kruze-mellenu\\\/#primaryimage\"},\"thumbnailUrl\":\"https:\\\/\\\/staiceleskrummellenes.lv\\\/wp-content\\\/uploads\\\/2022\\\/05\\\/foto-Kaspars-Garda-KGX_7509_.jpg\",\"datePublished\":\"2022-04-26T08:19:20+00:00\",\"dateModified\":\"2022-12-16T19:51:47+00:00\",\"breadcrumb\":{\"@id\":\"https:\\\/\\\/staiceleskrummellenes.lv\\\/product\\\/komplekts-skivis-kruze-mellenu\\\/#breadcrumb\"},\"inLanguage\":\"en-US\",\"potentialAction\":[{\"@type\":\"ReadAction\",\"target\":[\"https:\\\/\\\/staiceleskrummellenes.lv\\\/product\\\/komplekts-skivis-kruze-mellenu\\\/\"]}]},{\"@type\":\"ImageObject\",\"inLanguage\":\"en-US\",\"@id\":\"https:\\\/\\\/staiceleskrummellenes.lv\\\/product\\\/komplekts-skivis-kruze-mellenu\\\/#primaryimage\",\"url\":\"https:\\\/\\\/staiceleskrummellenes.lv\\\/wp-content\\\/uploads\\\/2022\\\/05\\\/foto-Kaspars-Garda-KGX_7509_.jpg\",\"contentUrl\":\"https:\\\/\\\/staiceleskrummellenes.lv\\\/wp-content\\\/uploads\\\/2022\\\/05\\\/foto-Kaspars-Garda-KGX_7509_.jpg\",\"width\":1800,\"height\":1201,\"caption\":\"staiceles-krummellenes-apakstasite-kruze-komplekts\"},{\"@type\":\"BreadcrumbList\",\"@id\":\"https:\\\/\\\/staiceleskrummellenes.lv\\\/product\\\/komplekts-skivis-kruze-mellenu\\\/#breadcrumb\",\"itemListElement\":[{\"@type\":\"ListItem\",\"position\":1,\"name\":\"Home\",\"item\":\"https:\\\/\\\/staiceleskrummellenes.lv\\\/\"},{\"@type\":\"ListItem\",\"position\":2,\"name\":\"Veikals\",\"item\":\"https:\\\/\\\/staiceleskrummellenes.lv\\\/veikals\\\/\"},{\"@type\":\"ListItem\",\"position\":3,\"name\":\"Komplekts &#8211; apak\u0161tas\u012bte un kr\u016bze\"}]},{\"@type\":\"WebSite\",\"@id\":\"https:\\\/\\\/staiceleskrummellenes.lv\\\/#website\",\"url\":\"https:\\\/\\\/staiceleskrummellenes.lv\\\/\",\"name\":\"Staiceles kr\u016bmmellenes\",\"description\":\"Audz\u0113ts staicel\u0113\",\"publisher\":{\"@id\":\"https:\\\/\\\/staiceleskrummellenes.lv\\\/#organization\"},\"potentialAction\":[{\"@type\":\"SearchAction\",\"target\":{\"@type\":\"EntryPoint\",\"urlTemplate\":\"https:\\\/\\\/staiceleskrummellenes.lv\\\/?s={search_term_string}\"},\"query-input\":{\"@type\":\"PropertyValueSpecification\",\"valueRequired\":true,\"valueName\":\"search_term_string\"}}],\"inLanguage\":\"en-US\"},{\"@type\":\"Organization\",\"@id\":\"https:\\\/\\\/staiceleskrummellenes.lv\\\/#organization\",\"name\":\"Staiceles Kr\u016bmmellenes\",\"url\":\"https:\\\/\\\/staiceleskrummellenes.lv\\\/\",\"logo\":{\"@type\":\"ImageObject\",\"inLanguage\":\"en-US\",\"@id\":\"https:\\\/\\\/staiceleskrummellenes.lv\\\/#\\\/schema\\\/logo\\\/image\\\/\",\"url\":\"https:\\\/\\\/staiceleskrummellenes.lv\\\/wp-content\\\/uploads\\\/2022\\\/04\\\/Unlogo2.jpg\",\"contentUrl\":\"https:\\\/\\\/staiceleskrummellenes.lv\\\/wp-content\\\/uploads\\\/2022\\\/04\\\/Unlogo2.jpg\",\"width\":166,\"height\":40,\"caption\":\"Staiceles Kr\u016bmmellenes\"},\"image\":{\"@id\":\"https:\\\/\\\/staiceleskrummellenes.lv\\\/#\\\/schema\\\/logo\\\/image\\\/\"},\"sameAs\":[\"https:\\\/\\\/www.facebook.com\\\/staiceleskrummellenes\",\"https:\\\/\\\/www.instagram.com\\\/staiceleskrummellenes\\\/\",\"https:\\\/\\\/www.pinterest.com\\\/staiceleskrummellenes\\\/\"]}]}<\/script>\n<!-- \/ Yoast SEO plugin. -->","yoast_head_json":{"title":"Komplekts - apak\u0161tas\u012bte un kr\u016bze - Staiceles kr\u016bmmellenes","robots":{"index":"index","follow":"follow","max-snippet":"max-snippet:-1","max-image-preview":"max-image-preview:large","max-video-preview":"max-video-preview:-1"},"canonical":"https:\/\/staiceleskrummellenes.lv\/en\/product\/komplekts-skivis-kruze-mellenu\/","og_locale":"en_US","og_type":"article","og_title":"Komplekts - apak\u0161tas\u012bte un kr\u016bze - Staiceles kr\u016bmmellenes","og_description":"Vasara ir tikai da\u017eus m\u0113ne\u0161us gad\u0101, bet Tu vari to baud\u012bt cauru gadu - katru r\u012btu dzerot savu m\u012b\u013c\u0101ko kapu\u010dino vai vasar\u0101 sav\u0101kto z\u0101\u013cu t\u0113ju, uzliekot uz \u0161\u0137\u012bv\u012b\u0161a brokastu maiz\u012bti vai svaigi ceptas pank\u016bkas. Radi \u0161o sajutu ar skaistiem traukiem, kas nodruk\u0101ti dekoldruk\u0101 *! Tu sajut\u012bsi \u0161o vasaras gar\u0161u un kr\u0101sas, kas paliku\u0161as spilgt\u0101 atmi\u0146\u0101. Izv\u0113lies sev vai uzd\u0101vini k\u0101dam \u012bpa\u0161am cilv\u0113kam, ar ko grib\u0113tu dal\u012bties ar saj\u016bt\u0101s un emociju kr\u0101s\u0101s.\u00a0 Kombin\u0113 to ar dviel\u012bti vai priek\u0161autu, \u013caujies b\u016bt m\u0101kslinieks, kas pats z\u012bm\u0113 savu vasaras emociju z\u012bm\u0113jumu!  Kr\u016bze \u2013 400ml\u00a0  Apak\u0161tas\u012bte \u2013 x cm \u00d8  Ra\u017eots: Latvij\u0101  *Dekoldruka ir notur\u012bg\u0101kais apdrukas veids, apdrukas rezult\u0101ts ir kvalitat\u012bvs un apdruk\u0101tos traukus var\u0113s mazg\u0101t trauku ma\u0161\u012bn\u0101. Tas ir sader\u012bgs lieto\u0161anai ar p\u0101rtiku.  &nbsp;","og_url":"https:\/\/staiceleskrummellenes.lv\/en\/product\/komplekts-skivis-kruze-mellenu\/","og_site_name":"Staiceles kr\u016bmmellenes","article_publisher":"https:\/\/www.facebook.com\/staiceleskrummellenes","article_modified_time":"2022-12-16T19:51:47+00:00","og_image":[{"width":1800,"height":1201,"url":"https:\/\/staiceleskrummellenes.lv\/wp-content\/uploads\/2022\/05\/foto-Kaspars-Garda-KGX_7509_.jpg","type":"image\/jpeg"}],"twitter_card":"summary_large_image","twitter_misc":{"Est. reading time":"1 minute"},"schema":{"@context":"https:\/\/schema.org","@graph":[{"@type":"WebPage","@id":"https:\/\/staiceleskrummellenes.lv\/product\/komplekts-skivis-kruze-mellenu\/","url":"https:\/\/staiceleskrummellenes.lv\/product\/komplekts-skivis-kruze-mellenu\/","name":"Komplekts - apak\u0161tas\u012bte un kr\u016bze - Staiceles kr\u016bmmellenes","isPartOf":{"@id":"https:\/\/staiceleskrummellenes.lv\/#website"},"primaryImageOfPage":{"@id":"https:\/\/staiceleskrummellenes.lv\/product\/komplekts-skivis-kruze-mellenu\/#primaryimage"},"image":{"@id":"https:\/\/staiceleskrummellenes.lv\/product\/komplekts-skivis-kruze-mellenu\/#primaryimage"},"thumbnailUrl":"https:\/\/staiceleskrummellenes.lv\/wp-content\/uploads\/2022\/05\/foto-Kaspars-Garda-KGX_7509_.jpg","datePublished":"2022-04-26T08:19:20+00:00","dateModified":"2022-12-16T19:51:47+00:00","breadcrumb":{"@id":"https:\/\/staiceleskrummellenes.lv\/product\/komplekts-skivis-kruze-mellenu\/#breadcrumb"},"inLanguage":"en-US","potentialAction":[{"@type":"ReadAction","target":["https:\/\/staiceleskrummellenes.lv\/product\/komplekts-skivis-kruze-mellenu\/"]}]},{"@type":"ImageObject","inLanguage":"en-US","@id":"https:\/\/staiceleskrummellenes.lv\/product\/komplekts-skivis-kruze-mellenu\/#primaryimage","url":"https:\/\/staiceleskrummellenes.lv\/wp-content\/uploads\/2022\/05\/foto-Kaspars-Garda-KGX_7509_.jpg","contentUrl":"https:\/\/staiceleskrummellenes.lv\/wp-content\/uploads\/2022\/05\/foto-Kaspars-Garda-KGX_7509_.jpg","width":1800,"height":1201,"caption":"staiceles-krummellenes-apakstasite-kruze-komplekts"},{"@type":"BreadcrumbList","@id":"https:\/\/staiceleskrummellenes.lv\/product\/komplekts-skivis-kruze-mellenu\/#breadcrumb","itemListElement":[{"@type":"ListItem","position":1,"name":"Home","item":"https:\/\/staiceleskrummellenes.lv\/"},{"@type":"ListItem","position":2,"name":"Veikals","item":"https:\/\/staiceleskrummellenes.lv\/veikals\/"},{"@type":"ListItem","position":3,"name":"Komplekts &#8211; apak\u0161tas\u012bte un kr\u016bze"}]},{"@type":"WebSite","@id":"https:\/\/staiceleskrummellenes.lv\/#website","url":"https:\/\/staiceleskrummellenes.lv\/","name":"Staiceles kr\u016bmmellenes","description":"Audz\u0113ts staicel\u0113","publisher":{"@id":"https:\/\/staiceleskrummellenes.lv\/#organization"},"potentialAction":[{"@type":"SearchAction","target":{"@type":"EntryPoint","urlTemplate":"https:\/\/staiceleskrummellenes.lv\/?s={search_term_string}"},"query-input":{"@type":"PropertyValueSpecification","valueRequired":true,"valueName":"search_term_string"}}],"inLanguage":"en-US"},{"@type":"Organization","@id":"https:\/\/staiceleskrummellenes.lv\/#organization","name":"Staiceles Kr\u016bmmellenes","url":"https:\/\/staiceleskrummellenes.lv\/","logo":{"@type":"ImageObject","inLanguage":"en-US","@id":"https:\/\/staiceleskrummellenes.lv\/#\/schema\/logo\/image\/","url":"https:\/\/staiceleskrummellenes.lv\/wp-content\/uploads\/2022\/04\/Unlogo2.jpg","contentUrl":"https:\/\/staiceleskrummellenes.lv\/wp-content\/uploads\/2022\/04\/Unlogo2.jpg","width":166,"height":40,"caption":"Staiceles Kr\u016bmmellenes"},"image":{"@id":"https:\/\/staiceleskrummellenes.lv\/#\/schema\/logo\/image\/"},"sameAs":["https:\/\/www.facebook.com\/staiceleskrummellenes","https:\/\/www.instagram.com\/staiceleskrummellenes\/","https:\/\/www.pinterest.com\/staiceleskrummellenes\/"]}]}},"_links":{"self":[{"href":"https:\/\/staiceleskrummellenes.lv\/en\/wp-json\/wp\/v2\/product\/18056","targetHints":{"allow":["GET"]}}],"collection":[{"href":"https:\/\/staiceleskrummellenes.lv\/en\/wp-json\/wp\/v2\/product"}],"about":[{"href":"https:\/\/staiceleskrummellenes.lv\/en\/wp-json\/wp\/v2\/types\/product"}],"replies":[{"embeddable":true,"href":"https:\/\/staiceleskrummellenes.lv\/en\/wp-json\/wp\/v2\/comments?post=18056"}],"wp:featuredmedia":[{"embeddable":true,"href":"https:\/\/staiceleskrummellenes.lv\/en\/wp-json\/wp\/v2\/media\/18575"}],"wp:attachment":[{"href":"https:\/\/staiceleskrummellenes.lv\/en\/wp-json\/wp\/v2\/media?parent=18056"}],"wp:term":[{"taxonomy":"product_brand","embeddable":true,"href":"https:\/\/staiceleskrummellenes.lv\/en\/wp-json\/wp\/v2\/product_brand?post=18056"},{"taxonomy":"product_cat","embeddable":true,"href":"https:\/\/staiceleskrummellenes.lv\/en\/wp-json\/wp\/v2\/product_cat?post=18056"},{"taxonomy":"product_tag","embeddable":true,"href":"https:\/\/staiceleskrummellenes.lv\/en\/wp-json\/wp\/v2\/product_tag?post=18056"}],"curies":[{"name":"wp","href":"https:\/\/api.w.org\/{rel}","templated":true}]}}