{"id":18058,"date":"2022-04-26T10:21:35","date_gmt":"2022-04-26T10:21:35","guid":{"rendered":"http:\/\/staiceleskrummellenes.lv\/?post_type=product&#038;p=18058"},"modified":"2025-01-23T23:27:13","modified_gmt":"2025-01-23T21:27:13","slug":"lina-virtuves-dvielis","status":"publish","type":"product","link":"https:\/\/staiceleskrummellenes.lv\/en\/product\/lina-virtuves-dvielis\/","title":{"rendered":"Lina auduma virtuves dvielis"},"content":{"rendered":"<p><strong>Papildus inform\u0101cija:<\/strong><\/p>\n<p>Izstr\u0101d\u0101juma kr\u0101sa var nedaudz at\u0161\u0137irties no dator\u0101 atveidojam\u0101s izstr\u0101d\u0101juma kr\u0101sas.<br \/>\nApdruk\u0101ts ar videi draudz\u012bg\u0101m pigmenta kr\u0101s\u0101m tie\u0161\u0101s digit\u0101l\u0101s drukas tehnik\u0101.<\/p>\n<p><strong>Kop\u0161ana<\/strong> : Lina audumu mazg\u0101jot ve\u013cas ma\u0161\u012bn\u0101, vienm\u0113r past\u0101v risks audumam sarauties, pirmaj\u0101 reiz\u0113 audums var sarauties apm\u0113ram 5% robe\u017e\u0101s. Izstr\u0101d\u0101jumu ieteicams mazg\u0101t saudz\u0113jo\u0161\u0101 re\u017e\u012bm\u0101, ne vair\u0101k k\u0101 40 gr\u0101du temperat\u016br\u0101. K\u0101 ar\u012b iesak\u0101m izmantot ve\u013cas mazg\u0101\u0161anas l\u012bdzekli, kas paredz\u0113ts b\u0113rnu, vilnas vai smalku audumu mazg\u0101\u0161anai.<br \/>\nLina izstr\u0101d\u0101jumus ir daudz viegl\u0101k gludin\u0101t mitrus jeb tikko iz\u0146emtus no ve\u013cas ma\u0161\u012bnas.<\/p>\n<p>Ja v\u0113lies ieg\u0101d\u0101ties vairum\u0101, tad raksti uz info@staiceleskrummellenes.lv un r\u0113\u0137inies ar 7 \u2013 10 darba dienu ilgu izgatavo\u0161anas laiku.<\/p>","protected":false},"excerpt":{"rendered":"<p>Vai esi bijis kr\u016bmmelle\u0146u d\u0101rz\u0101, kad tas kr\u0101sojas zil\u0101 kr\u0101s\u0101? Tad tie\u0161i \u0161ie virtuves dviel\u012b\u0161i, rad\u012bti Tev, lai Tu var\u0113tu sajust, atcer\u0113ties, sasmar\u017eot un \u013cauties tai burv\u012bbai. \u0160ie dviel\u012b\u0161i ir k\u0101 labs papildin\u0101jums un jaunums Tav\u0101 virtuv\u0113 vai k\u0101 lieliska d\u0101vana, k\u0101dam labam draugam vai m\u012b\u013cam radiniekam.<\/p>\n<p><strong>Izm\u0113rs<\/strong> : 46*70cm<br \/>\n<strong>Sast\u0101vs<\/strong> : 100 % Lins<br \/>\n<span style=\"font-weight: 400;\"><strong>Ra\u017eots<\/strong>: Latvij\u0101 <\/span><\/p>","protected":false},"featured_media":18075,"comment_status":"closed","ping_status":"closed","template":"","meta":[],"product_brand":[],"product_cat":[59],"product_tag":[],"class_list":{"0":"post-18058","1":"product","2":"type-product","3":"status-publish","4":"has-post-thumbnail","6":"product_cat-oga","8":"first","9":"outofstock","10":"taxable","11":"shipping-taxable","12":"purchasable","13":"product-type-variable"},"yoast_head":"<!-- This site is optimized with the Yoast SEO plugin v27.4 - https:\/\/yoast.com\/product\/yoast-seo-wordpress\/ -->\n<title>Lina auduma virtuves dvielis - Staiceles kr\u016bmmellenes<\/title>\n<meta name=\"robots\" content=\"index, follow, max-snippet:-1, max-image-preview:large, max-video-preview:-1\" \/>\n<link rel=\"canonical\" href=\"https:\/\/staiceleskrummellenes.lv\/en\/product\/lina-virtuves-dvielis\/\" \/>\n<meta property=\"og:locale\" content=\"en_US\" \/>\n<meta property=\"og:type\" content=\"article\" \/>\n<meta property=\"og:title\" content=\"Lina auduma virtuves dvielis - Staiceles kr\u016bmmellenes\" \/>\n<meta property=\"og:description\" content=\"Vai esi bijis kr\u016bmmelle\u0146u d\u0101rz\u0101, kad tas kr\u0101sojas zil\u0101 kr\u0101s\u0101? Tad tie\u0161i \u0161ie virtuves dviel\u012b\u0161i, rad\u012bti Tev, lai Tu var\u0113tu sajust, atcer\u0113ties, sasmar\u017eot un \u013cauties tai burv\u012bbai. \u0160ie dviel\u012b\u0161i ir k\u0101 labs papildin\u0101jums un jaunums Tav\u0101 virtuv\u0113 vai k\u0101 lieliska d\u0101vana, k\u0101dam labam draugam vai m\u012b\u013cam radiniekam.  Izm\u0113rs : 46*70cm Sast\u0101vs : 100 % Lins Ra\u017eots: Latvij\u0101\" \/>\n<meta property=\"og:url\" content=\"https:\/\/staiceleskrummellenes.lv\/en\/product\/lina-virtuves-dvielis\/\" \/>\n<meta property=\"og:site_name\" content=\"Staiceles kr\u016bmmellenes\" \/>\n<meta property=\"article:publisher\" content=\"https:\/\/www.facebook.com\/staiceleskrummellenes\" \/>\n<meta property=\"article:modified_time\" content=\"2025-01-23T21:27:13+00:00\" \/>\n<meta property=\"og:image\" content=\"https:\/\/staiceleskrummellenes.lv\/wp-content\/uploads\/2022\/04\/KGX_3915.jpg\" \/>\n\t<meta property=\"og:image:width\" content=\"600\" \/>\n\t<meta property=\"og:image:height\" content=\"400\" \/>\n\t<meta property=\"og:image:type\" content=\"image\/jpeg\" \/>\n<meta name=\"twitter:card\" content=\"summary_large_image\" \/>\n<meta name=\"twitter:label1\" content=\"Est. reading time\" \/>\n\t<meta name=\"twitter:data1\" content=\"1 minute\" \/>\n<script type=\"application\/ld+json\" class=\"yoast-schema-graph\">{\"@context\":\"https:\\\/\\\/schema.org\",\"@graph\":[{\"@type\":\"WebPage\",\"@id\":\"https:\\\/\\\/staiceleskrummellenes.lv\\\/product\\\/lina-virtuves-dvielis\\\/\",\"url\":\"https:\\\/\\\/staiceleskrummellenes.lv\\\/product\\\/lina-virtuves-dvielis\\\/\",\"name\":\"Lina auduma virtuves dvielis - Staiceles kr\u016bmmellenes\",\"isPartOf\":{\"@id\":\"https:\\\/\\\/staiceleskrummellenes.lv\\\/#website\"},\"primaryImageOfPage\":{\"@id\":\"https:\\\/\\\/staiceleskrummellenes.lv\\\/product\\\/lina-virtuves-dvielis\\\/#primaryimage\"},\"image\":{\"@id\":\"https:\\\/\\\/staiceleskrummellenes.lv\\\/product\\\/lina-virtuves-dvielis\\\/#primaryimage\"},\"thumbnailUrl\":\"https:\\\/\\\/staiceleskrummellenes.lv\\\/wp-content\\\/uploads\\\/2022\\\/04\\\/KGX_3915.jpg\",\"datePublished\":\"2022-04-26T10:21:35+00:00\",\"dateModified\":\"2025-01-23T21:27:13+00:00\",\"breadcrumb\":{\"@id\":\"https:\\\/\\\/staiceleskrummellenes.lv\\\/product\\\/lina-virtuves-dvielis\\\/#breadcrumb\"},\"inLanguage\":\"en-US\",\"potentialAction\":[{\"@type\":\"ReadAction\",\"target\":[\"https:\\\/\\\/staiceleskrummellenes.lv\\\/product\\\/lina-virtuves-dvielis\\\/\"]}]},{\"@type\":\"ImageObject\",\"inLanguage\":\"en-US\",\"@id\":\"https:\\\/\\\/staiceleskrummellenes.lv\\\/product\\\/lina-virtuves-dvielis\\\/#primaryimage\",\"url\":\"https:\\\/\\\/staiceleskrummellenes.lv\\\/wp-content\\\/uploads\\\/2022\\\/04\\\/KGX_3915.jpg\",\"contentUrl\":\"https:\\\/\\\/staiceleskrummellenes.lv\\\/wp-content\\\/uploads\\\/2022\\\/04\\\/KGX_3915.jpg\",\"width\":600,\"height\":400},{\"@type\":\"BreadcrumbList\",\"@id\":\"https:\\\/\\\/staiceleskrummellenes.lv\\\/product\\\/lina-virtuves-dvielis\\\/#breadcrumb\",\"itemListElement\":[{\"@type\":\"ListItem\",\"position\":1,\"name\":\"Home\",\"item\":\"https:\\\/\\\/staiceleskrummellenes.lv\\\/\"},{\"@type\":\"ListItem\",\"position\":2,\"name\":\"Veikals\",\"item\":\"https:\\\/\\\/staiceleskrummellenes.lv\\\/veikals\\\/\"},{\"@type\":\"ListItem\",\"position\":3,\"name\":\"Lina auduma virtuves dvielis\"}]},{\"@type\":\"WebSite\",\"@id\":\"https:\\\/\\\/staiceleskrummellenes.lv\\\/#website\",\"url\":\"https:\\\/\\\/staiceleskrummellenes.lv\\\/\",\"name\":\"Staiceles kr\u016bmmellenes\",\"description\":\"Audz\u0113ts staicel\u0113\",\"publisher\":{\"@id\":\"https:\\\/\\\/staiceleskrummellenes.lv\\\/#organization\"},\"potentialAction\":[{\"@type\":\"SearchAction\",\"target\":{\"@type\":\"EntryPoint\",\"urlTemplate\":\"https:\\\/\\\/staiceleskrummellenes.lv\\\/?s={search_term_string}\"},\"query-input\":{\"@type\":\"PropertyValueSpecification\",\"valueRequired\":true,\"valueName\":\"search_term_string\"}}],\"inLanguage\":\"en-US\"},{\"@type\":\"Organization\",\"@id\":\"https:\\\/\\\/staiceleskrummellenes.lv\\\/#organization\",\"name\":\"Staiceles Kr\u016bmmellenes\",\"url\":\"https:\\\/\\\/staiceleskrummellenes.lv\\\/\",\"logo\":{\"@type\":\"ImageObject\",\"inLanguage\":\"en-US\",\"@id\":\"https:\\\/\\\/staiceleskrummellenes.lv\\\/#\\\/schema\\\/logo\\\/image\\\/\",\"url\":\"https:\\\/\\\/staiceleskrummellenes.lv\\\/wp-content\\\/uploads\\\/2022\\\/04\\\/Unlogo2.jpg\",\"contentUrl\":\"https:\\\/\\\/staiceleskrummellenes.lv\\\/wp-content\\\/uploads\\\/2022\\\/04\\\/Unlogo2.jpg\",\"width\":166,\"height\":40,\"caption\":\"Staiceles Kr\u016bmmellenes\"},\"image\":{\"@id\":\"https:\\\/\\\/staiceleskrummellenes.lv\\\/#\\\/schema\\\/logo\\\/image\\\/\"},\"sameAs\":[\"https:\\\/\\\/www.facebook.com\\\/staiceleskrummellenes\",\"https:\\\/\\\/www.instagram.com\\\/staiceleskrummellenes\\\/\",\"https:\\\/\\\/www.pinterest.com\\\/staiceleskrummellenes\\\/\"]}]}<\/script>\n<!-- \/ Yoast SEO plugin. -->","yoast_head_json":{"title":"Lina auduma virtuves dvielis - Staiceles kr\u016bmmellenes","robots":{"index":"index","follow":"follow","max-snippet":"max-snippet:-1","max-image-preview":"max-image-preview:large","max-video-preview":"max-video-preview:-1"},"canonical":"https:\/\/staiceleskrummellenes.lv\/en\/product\/lina-virtuves-dvielis\/","og_locale":"en_US","og_type":"article","og_title":"Lina auduma virtuves dvielis - Staiceles kr\u016bmmellenes","og_description":"Vai esi bijis kr\u016bmmelle\u0146u d\u0101rz\u0101, kad tas kr\u0101sojas zil\u0101 kr\u0101s\u0101? Tad tie\u0161i \u0161ie virtuves dviel\u012b\u0161i, rad\u012bti Tev, lai Tu var\u0113tu sajust, atcer\u0113ties, sasmar\u017eot un \u013cauties tai burv\u012bbai. \u0160ie dviel\u012b\u0161i ir k\u0101 labs papildin\u0101jums un jaunums Tav\u0101 virtuv\u0113 vai k\u0101 lieliska d\u0101vana, k\u0101dam labam draugam vai m\u012b\u013cam radiniekam.  Izm\u0113rs : 46*70cm Sast\u0101vs : 100 % Lins Ra\u017eots: Latvij\u0101","og_url":"https:\/\/staiceleskrummellenes.lv\/en\/product\/lina-virtuves-dvielis\/","og_site_name":"Staiceles kr\u016bmmellenes","article_publisher":"https:\/\/www.facebook.com\/staiceleskrummellenes","article_modified_time":"2025-01-23T21:27:13+00:00","og_image":[{"width":600,"height":400,"url":"https:\/\/staiceleskrummellenes.lv\/wp-content\/uploads\/2022\/04\/KGX_3915.jpg","type":"image\/jpeg"}],"twitter_card":"summary_large_image","twitter_misc":{"Est. reading time":"1 minute"},"schema":{"@context":"https:\/\/schema.org","@graph":[{"@type":"WebPage","@id":"https:\/\/staiceleskrummellenes.lv\/product\/lina-virtuves-dvielis\/","url":"https:\/\/staiceleskrummellenes.lv\/product\/lina-virtuves-dvielis\/","name":"Lina auduma virtuves dvielis - Staiceles kr\u016bmmellenes","isPartOf":{"@id":"https:\/\/staiceleskrummellenes.lv\/#website"},"primaryImageOfPage":{"@id":"https:\/\/staiceleskrummellenes.lv\/product\/lina-virtuves-dvielis\/#primaryimage"},"image":{"@id":"https:\/\/staiceleskrummellenes.lv\/product\/lina-virtuves-dvielis\/#primaryimage"},"thumbnailUrl":"https:\/\/staiceleskrummellenes.lv\/wp-content\/uploads\/2022\/04\/KGX_3915.jpg","datePublished":"2022-04-26T10:21:35+00:00","dateModified":"2025-01-23T21:27:13+00:00","breadcrumb":{"@id":"https:\/\/staiceleskrummellenes.lv\/product\/lina-virtuves-dvielis\/#breadcrumb"},"inLanguage":"en-US","potentialAction":[{"@type":"ReadAction","target":["https:\/\/staiceleskrummellenes.lv\/product\/lina-virtuves-dvielis\/"]}]},{"@type":"ImageObject","inLanguage":"en-US","@id":"https:\/\/staiceleskrummellenes.lv\/product\/lina-virtuves-dvielis\/#primaryimage","url":"https:\/\/staiceleskrummellenes.lv\/wp-content\/uploads\/2022\/04\/KGX_3915.jpg","contentUrl":"https:\/\/staiceleskrummellenes.lv\/wp-content\/uploads\/2022\/04\/KGX_3915.jpg","width":600,"height":400},{"@type":"BreadcrumbList","@id":"https:\/\/staiceleskrummellenes.lv\/product\/lina-virtuves-dvielis\/#breadcrumb","itemListElement":[{"@type":"ListItem","position":1,"name":"Home","item":"https:\/\/staiceleskrummellenes.lv\/"},{"@type":"ListItem","position":2,"name":"Veikals","item":"https:\/\/staiceleskrummellenes.lv\/veikals\/"},{"@type":"ListItem","position":3,"name":"Lina auduma virtuves dvielis"}]},{"@type":"WebSite","@id":"https:\/\/staiceleskrummellenes.lv\/#website","url":"https:\/\/staiceleskrummellenes.lv\/","name":"Staiceles kr\u016bmmellenes","description":"Audz\u0113ts staicel\u0113","publisher":{"@id":"https:\/\/staiceleskrummellenes.lv\/#organization"},"potentialAction":[{"@type":"SearchAction","target":{"@type":"EntryPoint","urlTemplate":"https:\/\/staiceleskrummellenes.lv\/?s={search_term_string}"},"query-input":{"@type":"PropertyValueSpecification","valueRequired":true,"valueName":"search_term_string"}}],"inLanguage":"en-US"},{"@type":"Organization","@id":"https:\/\/staiceleskrummellenes.lv\/#organization","name":"Staiceles Kr\u016bmmellenes","url":"https:\/\/staiceleskrummellenes.lv\/","logo":{"@type":"ImageObject","inLanguage":"en-US","@id":"https:\/\/staiceleskrummellenes.lv\/#\/schema\/logo\/image\/","url":"https:\/\/staiceleskrummellenes.lv\/wp-content\/uploads\/2022\/04\/Unlogo2.jpg","contentUrl":"https:\/\/staiceleskrummellenes.lv\/wp-content\/uploads\/2022\/04\/Unlogo2.jpg","width":166,"height":40,"caption":"Staiceles Kr\u016bmmellenes"},"image":{"@id":"https:\/\/staiceleskrummellenes.lv\/#\/schema\/logo\/image\/"},"sameAs":["https:\/\/www.facebook.com\/staiceleskrummellenes","https:\/\/www.instagram.com\/staiceleskrummellenes\/","https:\/\/www.pinterest.com\/staiceleskrummellenes\/"]}]}},"_links":{"self":[{"href":"https:\/\/staiceleskrummellenes.lv\/en\/wp-json\/wp\/v2\/product\/18058","targetHints":{"allow":["GET"]}}],"collection":[{"href":"https:\/\/staiceleskrummellenes.lv\/en\/wp-json\/wp\/v2\/product"}],"about":[{"href":"https:\/\/staiceleskrummellenes.lv\/en\/wp-json\/wp\/v2\/types\/product"}],"replies":[{"embeddable":true,"href":"https:\/\/staiceleskrummellenes.lv\/en\/wp-json\/wp\/v2\/comments?post=18058"}],"wp:featuredmedia":[{"embeddable":true,"href":"https:\/\/staiceleskrummellenes.lv\/en\/wp-json\/wp\/v2\/media\/18075"}],"wp:attachment":[{"href":"https:\/\/staiceleskrummellenes.lv\/en\/wp-json\/wp\/v2\/media?parent=18058"}],"wp:term":[{"taxonomy":"product_brand","embeddable":true,"href":"https:\/\/staiceleskrummellenes.lv\/en\/wp-json\/wp\/v2\/product_brand?post=18058"},{"taxonomy":"product_cat","embeddable":true,"href":"https:\/\/staiceleskrummellenes.lv\/en\/wp-json\/wp\/v2\/product_cat?post=18058"},{"taxonomy":"product_tag","embeddable":true,"href":"https:\/\/staiceleskrummellenes.lv\/en\/wp-json\/wp\/v2\/product_tag?post=18058"}],"curies":[{"name":"wp","href":"https:\/\/api.w.org\/{rel}","templated":true}]}}