{"id":18060,"date":"2022-04-26T10:23:20","date_gmt":"2022-04-26T08:23:20","guid":{"rendered":"http:\/\/staiceleskrummellenes.lv\/?post_type=product&#038;p=18060"},"modified":"2022-12-16T21:51:47","modified_gmt":"2022-12-16T19:51:47","slug":"lina-prieksauts","status":"publish","type":"product","link":"https:\/\/staiceleskrummellenes.lv\/en\/product\/lina-prieksauts\/","title":{"rendered":"Linen cloth apron"},"content":{"rendered":"<p><strong>Papildus inform\u0101cija:<\/strong><br \/>\nIzstr\u0101d\u0101juma kr\u0101sa var nedaudz at\u0161\u0137irties no dator\u0101 atveidojam\u0101s izstr\u0101d\u0101juma kr\u0101sas.<br \/>\nApdruk\u0101ts ar videi draudz\u012bg\u0101m pigmenta kr\u0101s\u0101m tie\u0161\u0101s digit\u0101l\u0101s drukas tehnik\u0101.<\/p>\n<p>Kop\u0161ana : Lina audumu mazg\u0101jot ve\u013cas ma\u0161\u012bn\u0101, vienm\u0113r past\u0101v risks audumam sarauties, pirmaj\u0101 reiz\u0113 audums var sarauties apm\u0113ram 5% robe\u017e\u0101s. Izstr\u0101d\u0101jumu ieteicams mazg\u0101t saudz\u0113jo\u0161\u0101 re\u017e\u012bm\u0101, ne vair\u0101k k\u0101 40 gr\u0101du temperat\u016br\u0101. K\u0101 ar\u012b iesak\u0101m izmantot ve\u013cas mazg\u0101\u0161anas l\u012bdzekli, kas paredz\u0113ts b\u0113rnu, vilnas vai smalku audumu mazg\u0101\u0161anai.<br \/>\nLina izstr\u0101d\u0101jumus ir daudz viegl\u0101k gludin\u0101t mitrus jeb tikko iz\u0146emtus no ve\u013cas ma\u0161\u012bnas.<\/p>\n<p>Ja v\u0113lies priek\u0161autu k\u0101d\u0101 no citiem 3 pieejamajiem dizainiem vai Tevi interes\u0113 k\u0101ds cits izm\u0113rs (iepriek\u0161 jaut\u0101t par izm\u0113ru pieejam\u012bbu), tas j\u0101ps\u016bta rakstot uz info@staiceleskrummellenes.lv un j\u0101r\u0113\u0137in\u0101s ar 7 \u2013 10 darba dienu ilgu izgatavo\u0161anas laiku.<\/p>","protected":false},"excerpt":{"rendered":"<p>Apniku\u0161i parastie priek\u0161auti un gribi izskat\u012bties vasar\u012bgi neatkar\u012bgi no laikapst\u0101k\u013ciem aiz loga? Varb\u016bt gribi papildin\u0101jumu savai d\u0101rza ball\u012btei? Tad nu ir tapis jauks priek\u0161auts, kas ir vasar\u012bgi gais\u012bgs, pilns ar vasaras noska\u0146u un lieliksi piest\u0101v\u0113s tie\u0161i Tev! Priek\u0161autam ir kabati\u0146a, kur\u0101 var\u0113si ielikt slepeno recepti vai mob\u012blo telefonu.<\/p>\n<p><strong>Sast\u0101v<\/strong>s :100%Lins<br \/>\n<strong>Ra\u017eots<\/strong>: Latvij\u0101<\/p>\n<p><strong>Izm\u0113rs<\/strong> :<\/p>\n<ul>\n<li>Vid\u0113js 58 *71 cm<\/li>\n<li>Jostas garums: 54 cm (katr\u0101 pus\u0113)<\/li>\n<li>Kakla lentes garums: 55 cm (fiks\u0113jama ar ni\u0137el\u0113tu regulatoru)<\/li>\n<li>Kabatas izm\u0113rs: 17 * 17 cm<\/li>\n<\/ul>","protected":false},"featured_media":18282,"comment_status":"closed","ping_status":"closed","template":"","meta":[],"product_brand":[],"product_cat":[59],"product_tag":[],"class_list":{"0":"post-18060","1":"product","2":"type-product","3":"status-publish","4":"has-post-thumbnail","6":"product_cat-oga","8":"first","9":"instock","10":"taxable","11":"shipping-taxable","12":"purchasable","13":"product-type-variable"},"yoast_head":"<!-- This site is optimized with the Yoast SEO plugin v27.5 - https:\/\/yoast.com\/product\/yoast-seo-wordpress\/ -->\n<title>Lina auduma priek\u0161auts - Staiceles kr\u016bmmellenes<\/title>\n<meta name=\"robots\" content=\"index, follow, max-snippet:-1, max-image-preview:large, max-video-preview:-1\" \/>\n<link rel=\"canonical\" href=\"https:\/\/staiceleskrummellenes.lv\/en\/product\/lina-prieksauts\/\" \/>\n<meta property=\"og:locale\" content=\"en_US\" \/>\n<meta property=\"og:type\" content=\"article\" \/>\n<meta property=\"og:title\" content=\"Lina auduma priek\u0161auts - Staiceles kr\u016bmmellenes\" \/>\n<meta property=\"og:description\" content=\"Apniku\u0161i parastie priek\u0161auti un gribi izskat\u012bties vasar\u012bgi neatkar\u012bgi no laikapst\u0101k\u013ciem aiz loga? Varb\u016bt gribi papildin\u0101jumu savai d\u0101rza ball\u012btei? Tad nu ir tapis jauks priek\u0161auts, kas ir vasar\u012bgi gais\u012bgs, pilns ar vasaras noska\u0146u un lieliksi piest\u0101v\u0113s tie\u0161i Tev! Priek\u0161autam ir kabati\u0146a, kur\u0101 var\u0113si ielikt slepeno recepti vai mob\u012blo telefonu.  Sast\u0101vs :100%Lins Ra\u017eots: Latvij\u0101  Izm\u0113rs :   Vid\u0113js 58 *71 cm  Jostas garums: 54 cm (katr\u0101 pus\u0113)  Kakla lentes garums: 55 cm (fiks\u0113jama ar ni\u0137el\u0113tu regulatoru)  Kabatas izm\u0113rs: 17 * 17 cm\" \/>\n<meta property=\"og:url\" content=\"https:\/\/staiceleskrummellenes.lv\/en\/product\/lina-prieksauts\/\" \/>\n<meta property=\"og:site_name\" content=\"Staiceles kr\u016bmmellenes\" \/>\n<meta property=\"article:publisher\" content=\"https:\/\/www.facebook.com\/staiceleskrummellenes\" \/>\n<meta property=\"article:modified_time\" content=\"2022-12-16T19:51:47+00:00\" \/>\n<meta property=\"og:image\" content=\"https:\/\/staiceleskrummellenes.lv\/wp-content\/uploads\/2022\/04\/KGX_3913-scaled.jpg\" \/>\n\t<meta property=\"og:image:width\" content=\"1709\" \/>\n\t<meta property=\"og:image:height\" content=\"2560\" \/>\n\t<meta property=\"og:image:type\" content=\"image\/jpeg\" \/>\n<meta name=\"twitter:card\" content=\"summary_large_image\" \/>\n<meta name=\"twitter:label1\" content=\"Est. reading time\" \/>\n\t<meta name=\"twitter:data1\" content=\"1 minute\" \/>\n<script type=\"application\/ld+json\" class=\"yoast-schema-graph\">{\"@context\":\"https:\\\/\\\/schema.org\",\"@graph\":[{\"@type\":\"WebPage\",\"@id\":\"https:\\\/\\\/staiceleskrummellenes.lv\\\/product\\\/lina-prieksauts\\\/\",\"url\":\"https:\\\/\\\/staiceleskrummellenes.lv\\\/product\\\/lina-prieksauts\\\/\",\"name\":\"Lina auduma priek\u0161auts - Staiceles kr\u016bmmellenes\",\"isPartOf\":{\"@id\":\"https:\\\/\\\/staiceleskrummellenes.lv\\\/#website\"},\"primaryImageOfPage\":{\"@id\":\"https:\\\/\\\/staiceleskrummellenes.lv\\\/product\\\/lina-prieksauts\\\/#primaryimage\"},\"image\":{\"@id\":\"https:\\\/\\\/staiceleskrummellenes.lv\\\/product\\\/lina-prieksauts\\\/#primaryimage\"},\"thumbnailUrl\":\"https:\\\/\\\/staiceleskrummellenes.lv\\\/wp-content\\\/uploads\\\/2022\\\/04\\\/KGX_3913-scaled.jpg\",\"datePublished\":\"2022-04-26T08:23:20+00:00\",\"dateModified\":\"2022-12-16T19:51:47+00:00\",\"breadcrumb\":{\"@id\":\"https:\\\/\\\/staiceleskrummellenes.lv\\\/product\\\/lina-prieksauts\\\/#breadcrumb\"},\"inLanguage\":\"en-US\",\"potentialAction\":[{\"@type\":\"ReadAction\",\"target\":[\"https:\\\/\\\/staiceleskrummellenes.lv\\\/product\\\/lina-prieksauts\\\/\"]}]},{\"@type\":\"ImageObject\",\"inLanguage\":\"en-US\",\"@id\":\"https:\\\/\\\/staiceleskrummellenes.lv\\\/product\\\/lina-prieksauts\\\/#primaryimage\",\"url\":\"https:\\\/\\\/staiceleskrummellenes.lv\\\/wp-content\\\/uploads\\\/2022\\\/04\\\/KGX_3913-scaled.jpg\",\"contentUrl\":\"https:\\\/\\\/staiceleskrummellenes.lv\\\/wp-content\\\/uploads\\\/2022\\\/04\\\/KGX_3913-scaled.jpg\",\"width\":1709,\"height\":2560},{\"@type\":\"BreadcrumbList\",\"@id\":\"https:\\\/\\\/staiceleskrummellenes.lv\\\/product\\\/lina-prieksauts\\\/#breadcrumb\",\"itemListElement\":[{\"@type\":\"ListItem\",\"position\":1,\"name\":\"Home\",\"item\":\"https:\\\/\\\/staiceleskrummellenes.lv\\\/\"},{\"@type\":\"ListItem\",\"position\":2,\"name\":\"Veikals\",\"item\":\"https:\\\/\\\/staiceleskrummellenes.lv\\\/veikals\\\/\"},{\"@type\":\"ListItem\",\"position\":3,\"name\":\"Lina auduma priek\u0161auts\"}]},{\"@type\":\"WebSite\",\"@id\":\"https:\\\/\\\/staiceleskrummellenes.lv\\\/#website\",\"url\":\"https:\\\/\\\/staiceleskrummellenes.lv\\\/\",\"name\":\"Staiceles kr\u016bmmellenes\",\"description\":\"Audz\u0113ts staicel\u0113\",\"publisher\":{\"@id\":\"https:\\\/\\\/staiceleskrummellenes.lv\\\/#organization\"},\"potentialAction\":[{\"@type\":\"SearchAction\",\"target\":{\"@type\":\"EntryPoint\",\"urlTemplate\":\"https:\\\/\\\/staiceleskrummellenes.lv\\\/?s={search_term_string}\"},\"query-input\":{\"@type\":\"PropertyValueSpecification\",\"valueRequired\":true,\"valueName\":\"search_term_string\"}}],\"inLanguage\":\"en-US\"},{\"@type\":\"Organization\",\"@id\":\"https:\\\/\\\/staiceleskrummellenes.lv\\\/#organization\",\"name\":\"Staiceles Kr\u016bmmellenes\",\"url\":\"https:\\\/\\\/staiceleskrummellenes.lv\\\/\",\"logo\":{\"@type\":\"ImageObject\",\"inLanguage\":\"en-US\",\"@id\":\"https:\\\/\\\/staiceleskrummellenes.lv\\\/#\\\/schema\\\/logo\\\/image\\\/\",\"url\":\"https:\\\/\\\/staiceleskrummellenes.lv\\\/wp-content\\\/uploads\\\/2022\\\/04\\\/Unlogo2.jpg\",\"contentUrl\":\"https:\\\/\\\/staiceleskrummellenes.lv\\\/wp-content\\\/uploads\\\/2022\\\/04\\\/Unlogo2.jpg\",\"width\":166,\"height\":40,\"caption\":\"Staiceles Kr\u016bmmellenes\"},\"image\":{\"@id\":\"https:\\\/\\\/staiceleskrummellenes.lv\\\/#\\\/schema\\\/logo\\\/image\\\/\"},\"sameAs\":[\"https:\\\/\\\/www.facebook.com\\\/staiceleskrummellenes\",\"https:\\\/\\\/www.instagram.com\\\/staiceleskrummellenes\\\/\",\"https:\\\/\\\/www.pinterest.com\\\/staiceleskrummellenes\\\/\"]}]}<\/script>\n<!-- \/ Yoast SEO plugin. -->","yoast_head_json":{"title":"Lina auduma priek\u0161auts - Staiceles kr\u016bmmellenes","robots":{"index":"index","follow":"follow","max-snippet":"max-snippet:-1","max-image-preview":"max-image-preview:large","max-video-preview":"max-video-preview:-1"},"canonical":"https:\/\/staiceleskrummellenes.lv\/en\/product\/lina-prieksauts\/","og_locale":"en_US","og_type":"article","og_title":"Lina auduma priek\u0161auts - Staiceles kr\u016bmmellenes","og_description":"Apniku\u0161i parastie priek\u0161auti un gribi izskat\u012bties vasar\u012bgi neatkar\u012bgi no laikapst\u0101k\u013ciem aiz loga? Varb\u016bt gribi papildin\u0101jumu savai d\u0101rza ball\u012btei? Tad nu ir tapis jauks priek\u0161auts, kas ir vasar\u012bgi gais\u012bgs, pilns ar vasaras noska\u0146u un lieliksi piest\u0101v\u0113s tie\u0161i Tev! Priek\u0161autam ir kabati\u0146a, kur\u0101 var\u0113si ielikt slepeno recepti vai mob\u012blo telefonu.  Sast\u0101vs :100%Lins Ra\u017eots: Latvij\u0101  Izm\u0113rs :   Vid\u0113js 58 *71 cm  Jostas garums: 54 cm (katr\u0101 pus\u0113)  Kakla lentes garums: 55 cm (fiks\u0113jama ar ni\u0137el\u0113tu regulatoru)  Kabatas izm\u0113rs: 17 * 17 cm","og_url":"https:\/\/staiceleskrummellenes.lv\/en\/product\/lina-prieksauts\/","og_site_name":"Staiceles kr\u016bmmellenes","article_publisher":"https:\/\/www.facebook.com\/staiceleskrummellenes","article_modified_time":"2022-12-16T19:51:47+00:00","og_image":[{"width":1709,"height":2560,"url":"https:\/\/staiceleskrummellenes.lv\/wp-content\/uploads\/2022\/04\/KGX_3913-scaled.jpg","type":"image\/jpeg"}],"twitter_card":"summary_large_image","twitter_misc":{"Est. reading time":"1 minute"},"schema":{"@context":"https:\/\/schema.org","@graph":[{"@type":"WebPage","@id":"https:\/\/staiceleskrummellenes.lv\/product\/lina-prieksauts\/","url":"https:\/\/staiceleskrummellenes.lv\/product\/lina-prieksauts\/","name":"Lina auduma priek\u0161auts - Staiceles kr\u016bmmellenes","isPartOf":{"@id":"https:\/\/staiceleskrummellenes.lv\/#website"},"primaryImageOfPage":{"@id":"https:\/\/staiceleskrummellenes.lv\/product\/lina-prieksauts\/#primaryimage"},"image":{"@id":"https:\/\/staiceleskrummellenes.lv\/product\/lina-prieksauts\/#primaryimage"},"thumbnailUrl":"https:\/\/staiceleskrummellenes.lv\/wp-content\/uploads\/2022\/04\/KGX_3913-scaled.jpg","datePublished":"2022-04-26T08:23:20+00:00","dateModified":"2022-12-16T19:51:47+00:00","breadcrumb":{"@id":"https:\/\/staiceleskrummellenes.lv\/product\/lina-prieksauts\/#breadcrumb"},"inLanguage":"en-US","potentialAction":[{"@type":"ReadAction","target":["https:\/\/staiceleskrummellenes.lv\/product\/lina-prieksauts\/"]}]},{"@type":"ImageObject","inLanguage":"en-US","@id":"https:\/\/staiceleskrummellenes.lv\/product\/lina-prieksauts\/#primaryimage","url":"https:\/\/staiceleskrummellenes.lv\/wp-content\/uploads\/2022\/04\/KGX_3913-scaled.jpg","contentUrl":"https:\/\/staiceleskrummellenes.lv\/wp-content\/uploads\/2022\/04\/KGX_3913-scaled.jpg","width":1709,"height":2560},{"@type":"BreadcrumbList","@id":"https:\/\/staiceleskrummellenes.lv\/product\/lina-prieksauts\/#breadcrumb","itemListElement":[{"@type":"ListItem","position":1,"name":"Home","item":"https:\/\/staiceleskrummellenes.lv\/"},{"@type":"ListItem","position":2,"name":"Veikals","item":"https:\/\/staiceleskrummellenes.lv\/veikals\/"},{"@type":"ListItem","position":3,"name":"Lina auduma priek\u0161auts"}]},{"@type":"WebSite","@id":"https:\/\/staiceleskrummellenes.lv\/#website","url":"https:\/\/staiceleskrummellenes.lv\/","name":"Staiceles kr\u016bmmellenes","description":"Audz\u0113ts staicel\u0113","publisher":{"@id":"https:\/\/staiceleskrummellenes.lv\/#organization"},"potentialAction":[{"@type":"SearchAction","target":{"@type":"EntryPoint","urlTemplate":"https:\/\/staiceleskrummellenes.lv\/?s={search_term_string}"},"query-input":{"@type":"PropertyValueSpecification","valueRequired":true,"valueName":"search_term_string"}}],"inLanguage":"en-US"},{"@type":"Organization","@id":"https:\/\/staiceleskrummellenes.lv\/#organization","name":"Staiceles Kr\u016bmmellenes","url":"https:\/\/staiceleskrummellenes.lv\/","logo":{"@type":"ImageObject","inLanguage":"en-US","@id":"https:\/\/staiceleskrummellenes.lv\/#\/schema\/logo\/image\/","url":"https:\/\/staiceleskrummellenes.lv\/wp-content\/uploads\/2022\/04\/Unlogo2.jpg","contentUrl":"https:\/\/staiceleskrummellenes.lv\/wp-content\/uploads\/2022\/04\/Unlogo2.jpg","width":166,"height":40,"caption":"Staiceles Kr\u016bmmellenes"},"image":{"@id":"https:\/\/staiceleskrummellenes.lv\/#\/schema\/logo\/image\/"},"sameAs":["https:\/\/www.facebook.com\/staiceleskrummellenes","https:\/\/www.instagram.com\/staiceleskrummellenes\/","https:\/\/www.pinterest.com\/staiceleskrummellenes\/"]}]}},"_links":{"self":[{"href":"https:\/\/staiceleskrummellenes.lv\/en\/wp-json\/wp\/v2\/product\/18060","targetHints":{"allow":["GET"]}}],"collection":[{"href":"https:\/\/staiceleskrummellenes.lv\/en\/wp-json\/wp\/v2\/product"}],"about":[{"href":"https:\/\/staiceleskrummellenes.lv\/en\/wp-json\/wp\/v2\/types\/product"}],"replies":[{"embeddable":true,"href":"https:\/\/staiceleskrummellenes.lv\/en\/wp-json\/wp\/v2\/comments?post=18060"}],"wp:featuredmedia":[{"embeddable":true,"href":"https:\/\/staiceleskrummellenes.lv\/en\/wp-json\/wp\/v2\/media\/18282"}],"wp:attachment":[{"href":"https:\/\/staiceleskrummellenes.lv\/en\/wp-json\/wp\/v2\/media?parent=18060"}],"wp:term":[{"taxonomy":"product_brand","embeddable":true,"href":"https:\/\/staiceleskrummellenes.lv\/en\/wp-json\/wp\/v2\/product_brand?post=18060"},{"taxonomy":"product_cat","embeddable":true,"href":"https:\/\/staiceleskrummellenes.lv\/en\/wp-json\/wp\/v2\/product_cat?post=18060"},{"taxonomy":"product_tag","embeddable":true,"href":"https:\/\/staiceleskrummellenes.lv\/en\/wp-json\/wp\/v2\/product_tag?post=18060"}],"curies":[{"name":"wp","href":"https:\/\/api.w.org\/{rel}","templated":true}]}}