{"id":18559,"date":"2022-12-15T22:35:17","date_gmt":"2022-12-15T20:35:17","guid":{"rendered":"https:\/\/staiceleskrummellenes.lv\/?post_type=product&#038;p=18559"},"modified":"2025-01-29T21:54:41","modified_gmt":"2025-01-29T19:54:41","slug":"bloda","status":"publish","type":"product","link":"https:\/\/staiceleskrummellenes.lv\/en\/product\/bloda\/","title":{"rendered":"B\u013coda"},"content":{"rendered":"<p><strong>Papildus inform\u0101cija:<\/strong><\/p>\n<p><span style=\"font-weight: 400;\">Izstr\u0101d\u0101juma kr\u0101sa var nedaudz at\u0161\u0137irties no dator\u0101 atveidojam\u0101s izstr\u0101d\u0101juma kr\u0101sas.<\/span><\/p>\n<p><span style=\"font-weight: 400;\">Ja v\u0113lies ieg\u0101d\u0101ties vairum\u0101,\u00a0 tad raksti uz <\/span><a href=\"mailto:info@staiceleskrummellenes.lv\"><span style=\"font-weight: 400;\">info@staiceleskrummellenes.lv<\/span><\/a><span style=\"font-weight: 400;\"> un r\u0113\u0137inies ar 7 \u2013 10\u00a0 darba dienu ilgu izgatavo\u0161anas laiku.<\/span><\/p>","protected":false},"excerpt":{"rendered":"<p>Do you know how delicious blueberries taste with milk?! These nice bowls will remind you of this taste, because when you look at them, the only thought is about the desert. These lovely bowls will complement your holiday or everyday table setting. Conjure it up with our decal-printed tableware*.<\/p>\n<p>A bowl with an elegant golden rim will add charm to any moment of life. May the holiday never end! Treat yourself or someone else and share this festive feeling.<\/p>\n<p><strong>*<\/strong>Decal printing is the most permanent type of printing where the printing result is of the highest of qualities. The printed dishes can be washed in the dishwasher as well. It is compatible with food.<\/p>","protected":false},"featured_media":18563,"comment_status":"closed","ping_status":"closed","template":"","meta":[],"product_brand":[],"product_cat":[59],"product_tag":[],"class_list":{"0":"post-18559","1":"product","2":"type-product","3":"status-publish","4":"has-post-thumbnail","6":"product_cat-oga","8":"first","9":"outofstock","10":"taxable","11":"shipping-taxable","12":"purchasable","13":"product-type-variable"},"yoast_head":"<!-- This site is optimized with the Yoast SEO plugin v27.5 - https:\/\/yoast.com\/product\/yoast-seo-wordpress\/ -->\n<title>B\u013coda - Staiceles kr\u016bmmellenes<\/title>\n<meta name=\"robots\" content=\"index, follow, max-snippet:-1, max-image-preview:large, max-video-preview:-1\" \/>\n<link rel=\"canonical\" href=\"https:\/\/staiceleskrummellenes.lv\/en\/product\/bloda\/\" \/>\n<meta property=\"og:locale\" content=\"en_US\" \/>\n<meta property=\"og:type\" content=\"article\" \/>\n<meta property=\"og:title\" content=\"B\u013coda - Staiceles kr\u016bmmellenes\" \/>\n<meta property=\"og:description\" content=\"Vai zini cik gar\u0161\u012bgas ir mellenes ar pienu?! \u0160\u012bs jauk\u0101s b\u013codi\u0146as atg\u0101din\u0101s \u0161o gar\u0161u , jo skatoties uz t\u0101m , vien\u012bg\u0101 doma ir par to. \u0160\u012bs jauk\u0101s b\u013codi\u0146as papildin\u0101s tavu sv\u0113tku vai ikdienas galda kl\u0101jumu. Uzbur to ar m\u016bsu traukiem, kas druk\u0101ti dekoldruk\u0101*.  B\u013coda ar eleganto zelta mali\u0146u piedos \u0161armu jebkuram dz\u012bves mirklim. Lai sv\u0113tki nekad nebeidzas! Iepriecini sevi vai k\u0101du citu un dalies ar \u0161o sv\u0113tku izj\u016btu.  *Dekoldruka ir notur\u012bg\u0101kais apdrukas veids, apdrukas rezult\u0101ts ir kvalitat\u012bvs un apdruk\u0101tos traukus var\u0113s mazg\u0101t trauku ma\u0161\u012bn\u0101. Tas ir sader\u012bgs lieto\u0161anai ar p\u0101rtiku.\" \/>\n<meta property=\"og:url\" content=\"https:\/\/staiceleskrummellenes.lv\/en\/product\/bloda\/\" \/>\n<meta property=\"og:site_name\" content=\"Staiceles kr\u016bmmellenes\" \/>\n<meta property=\"article:publisher\" content=\"https:\/\/www.facebook.com\/staiceleskrummellenes\" \/>\n<meta property=\"article:modified_time\" content=\"2025-01-29T19:54:41+00:00\" \/>\n<meta property=\"og:image\" content=\"https:\/\/staiceleskrummellenes.lv\/wp-content\/uploads\/2022\/12\/foto-Kaspars-Garda-KGX_7529_.jpg\" \/>\n\t<meta property=\"og:image:width\" content=\"1200\" \/>\n\t<meta property=\"og:image:height\" content=\"801\" \/>\n\t<meta property=\"og:image:type\" content=\"image\/jpeg\" \/>\n<meta name=\"twitter:card\" content=\"summary_large_image\" \/>\n<meta name=\"twitter:label1\" content=\"Est. reading time\" \/>\n\t<meta name=\"twitter:data1\" content=\"1 minute\" \/>\n<script type=\"application\/ld+json\" class=\"yoast-schema-graph\">{\"@context\":\"https:\\\/\\\/schema.org\",\"@graph\":[{\"@type\":\"WebPage\",\"@id\":\"https:\\\/\\\/staiceleskrummellenes.lv\\\/product\\\/bloda\\\/\",\"url\":\"https:\\\/\\\/staiceleskrummellenes.lv\\\/product\\\/bloda\\\/\",\"name\":\"B\u013coda - Staiceles kr\u016bmmellenes\",\"isPartOf\":{\"@id\":\"https:\\\/\\\/staiceleskrummellenes.lv\\\/#website\"},\"primaryImageOfPage\":{\"@id\":\"https:\\\/\\\/staiceleskrummellenes.lv\\\/product\\\/bloda\\\/#primaryimage\"},\"image\":{\"@id\":\"https:\\\/\\\/staiceleskrummellenes.lv\\\/product\\\/bloda\\\/#primaryimage\"},\"thumbnailUrl\":\"https:\\\/\\\/staiceleskrummellenes.lv\\\/wp-content\\\/uploads\\\/2022\\\/12\\\/foto-Kaspars-Garda-KGX_7529_.jpg\",\"datePublished\":\"2022-12-15T20:35:17+00:00\",\"dateModified\":\"2025-01-29T19:54:41+00:00\",\"breadcrumb\":{\"@id\":\"https:\\\/\\\/staiceleskrummellenes.lv\\\/product\\\/bloda\\\/#breadcrumb\"},\"inLanguage\":\"en-US\",\"potentialAction\":[{\"@type\":\"ReadAction\",\"target\":[\"https:\\\/\\\/staiceleskrummellenes.lv\\\/product\\\/bloda\\\/\"]}]},{\"@type\":\"ImageObject\",\"inLanguage\":\"en-US\",\"@id\":\"https:\\\/\\\/staiceleskrummellenes.lv\\\/product\\\/bloda\\\/#primaryimage\",\"url\":\"https:\\\/\\\/staiceleskrummellenes.lv\\\/wp-content\\\/uploads\\\/2022\\\/12\\\/foto-Kaspars-Garda-KGX_7529_.jpg\",\"contentUrl\":\"https:\\\/\\\/staiceleskrummellenes.lv\\\/wp-content\\\/uploads\\\/2022\\\/12\\\/foto-Kaspars-Garda-KGX_7529_.jpg\",\"width\":1200,\"height\":801,\"caption\":\"staiceles-krummellenes-bloda\"},{\"@type\":\"BreadcrumbList\",\"@id\":\"https:\\\/\\\/staiceleskrummellenes.lv\\\/product\\\/bloda\\\/#breadcrumb\",\"itemListElement\":[{\"@type\":\"ListItem\",\"position\":1,\"name\":\"Home\",\"item\":\"https:\\\/\\\/staiceleskrummellenes.lv\\\/\"},{\"@type\":\"ListItem\",\"position\":2,\"name\":\"Veikals\",\"item\":\"https:\\\/\\\/staiceleskrummellenes.lv\\\/veikals\\\/\"},{\"@type\":\"ListItem\",\"position\":3,\"name\":\"B\u013coda\"}]},{\"@type\":\"WebSite\",\"@id\":\"https:\\\/\\\/staiceleskrummellenes.lv\\\/#website\",\"url\":\"https:\\\/\\\/staiceleskrummellenes.lv\\\/\",\"name\":\"Staiceles kr\u016bmmellenes\",\"description\":\"Audz\u0113ts staicel\u0113\",\"publisher\":{\"@id\":\"https:\\\/\\\/staiceleskrummellenes.lv\\\/#organization\"},\"potentialAction\":[{\"@type\":\"SearchAction\",\"target\":{\"@type\":\"EntryPoint\",\"urlTemplate\":\"https:\\\/\\\/staiceleskrummellenes.lv\\\/?s={search_term_string}\"},\"query-input\":{\"@type\":\"PropertyValueSpecification\",\"valueRequired\":true,\"valueName\":\"search_term_string\"}}],\"inLanguage\":\"en-US\"},{\"@type\":\"Organization\",\"@id\":\"https:\\\/\\\/staiceleskrummellenes.lv\\\/#organization\",\"name\":\"Staiceles Kr\u016bmmellenes\",\"url\":\"https:\\\/\\\/staiceleskrummellenes.lv\\\/\",\"logo\":{\"@type\":\"ImageObject\",\"inLanguage\":\"en-US\",\"@id\":\"https:\\\/\\\/staiceleskrummellenes.lv\\\/#\\\/schema\\\/logo\\\/image\\\/\",\"url\":\"https:\\\/\\\/staiceleskrummellenes.lv\\\/wp-content\\\/uploads\\\/2022\\\/04\\\/Unlogo2.jpg\",\"contentUrl\":\"https:\\\/\\\/staiceleskrummellenes.lv\\\/wp-content\\\/uploads\\\/2022\\\/04\\\/Unlogo2.jpg\",\"width\":166,\"height\":40,\"caption\":\"Staiceles Kr\u016bmmellenes\"},\"image\":{\"@id\":\"https:\\\/\\\/staiceleskrummellenes.lv\\\/#\\\/schema\\\/logo\\\/image\\\/\"},\"sameAs\":[\"https:\\\/\\\/www.facebook.com\\\/staiceleskrummellenes\",\"https:\\\/\\\/www.instagram.com\\\/staiceleskrummellenes\\\/\",\"https:\\\/\\\/www.pinterest.com\\\/staiceleskrummellenes\\\/\"]}]}<\/script>\n<!-- \/ Yoast SEO plugin. -->","yoast_head_json":{"title":"B\u013coda - Staiceles kr\u016bmmellenes","robots":{"index":"index","follow":"follow","max-snippet":"max-snippet:-1","max-image-preview":"max-image-preview:large","max-video-preview":"max-video-preview:-1"},"canonical":"https:\/\/staiceleskrummellenes.lv\/en\/product\/bloda\/","og_locale":"en_US","og_type":"article","og_title":"B\u013coda - Staiceles kr\u016bmmellenes","og_description":"Vai zini cik gar\u0161\u012bgas ir mellenes ar pienu?! \u0160\u012bs jauk\u0101s b\u013codi\u0146as atg\u0101din\u0101s \u0161o gar\u0161u , jo skatoties uz t\u0101m , vien\u012bg\u0101 doma ir par to. \u0160\u012bs jauk\u0101s b\u013codi\u0146as papildin\u0101s tavu sv\u0113tku vai ikdienas galda kl\u0101jumu. Uzbur to ar m\u016bsu traukiem, kas druk\u0101ti dekoldruk\u0101*.  B\u013coda ar eleganto zelta mali\u0146u piedos \u0161armu jebkuram dz\u012bves mirklim. Lai sv\u0113tki nekad nebeidzas! Iepriecini sevi vai k\u0101du citu un dalies ar \u0161o sv\u0113tku izj\u016btu.  *Dekoldruka ir notur\u012bg\u0101kais apdrukas veids, apdrukas rezult\u0101ts ir kvalitat\u012bvs un apdruk\u0101tos traukus var\u0113s mazg\u0101t trauku ma\u0161\u012bn\u0101. Tas ir sader\u012bgs lieto\u0161anai ar p\u0101rtiku.","og_url":"https:\/\/staiceleskrummellenes.lv\/en\/product\/bloda\/","og_site_name":"Staiceles kr\u016bmmellenes","article_publisher":"https:\/\/www.facebook.com\/staiceleskrummellenes","article_modified_time":"2025-01-29T19:54:41+00:00","og_image":[{"width":1200,"height":801,"url":"https:\/\/staiceleskrummellenes.lv\/wp-content\/uploads\/2022\/12\/foto-Kaspars-Garda-KGX_7529_.jpg","type":"image\/jpeg"}],"twitter_card":"summary_large_image","twitter_misc":{"Est. reading time":"1 minute"},"schema":{"@context":"https:\/\/schema.org","@graph":[{"@type":"WebPage","@id":"https:\/\/staiceleskrummellenes.lv\/product\/bloda\/","url":"https:\/\/staiceleskrummellenes.lv\/product\/bloda\/","name":"B\u013coda - Staiceles kr\u016bmmellenes","isPartOf":{"@id":"https:\/\/staiceleskrummellenes.lv\/#website"},"primaryImageOfPage":{"@id":"https:\/\/staiceleskrummellenes.lv\/product\/bloda\/#primaryimage"},"image":{"@id":"https:\/\/staiceleskrummellenes.lv\/product\/bloda\/#primaryimage"},"thumbnailUrl":"https:\/\/staiceleskrummellenes.lv\/wp-content\/uploads\/2022\/12\/foto-Kaspars-Garda-KGX_7529_.jpg","datePublished":"2022-12-15T20:35:17+00:00","dateModified":"2025-01-29T19:54:41+00:00","breadcrumb":{"@id":"https:\/\/staiceleskrummellenes.lv\/product\/bloda\/#breadcrumb"},"inLanguage":"en-US","potentialAction":[{"@type":"ReadAction","target":["https:\/\/staiceleskrummellenes.lv\/product\/bloda\/"]}]},{"@type":"ImageObject","inLanguage":"en-US","@id":"https:\/\/staiceleskrummellenes.lv\/product\/bloda\/#primaryimage","url":"https:\/\/staiceleskrummellenes.lv\/wp-content\/uploads\/2022\/12\/foto-Kaspars-Garda-KGX_7529_.jpg","contentUrl":"https:\/\/staiceleskrummellenes.lv\/wp-content\/uploads\/2022\/12\/foto-Kaspars-Garda-KGX_7529_.jpg","width":1200,"height":801,"caption":"staiceles-krummellenes-bloda"},{"@type":"BreadcrumbList","@id":"https:\/\/staiceleskrummellenes.lv\/product\/bloda\/#breadcrumb","itemListElement":[{"@type":"ListItem","position":1,"name":"Home","item":"https:\/\/staiceleskrummellenes.lv\/"},{"@type":"ListItem","position":2,"name":"Veikals","item":"https:\/\/staiceleskrummellenes.lv\/veikals\/"},{"@type":"ListItem","position":3,"name":"B\u013coda"}]},{"@type":"WebSite","@id":"https:\/\/staiceleskrummellenes.lv\/#website","url":"https:\/\/staiceleskrummellenes.lv\/","name":"Staiceles kr\u016bmmellenes","description":"Audz\u0113ts staicel\u0113","publisher":{"@id":"https:\/\/staiceleskrummellenes.lv\/#organization"},"potentialAction":[{"@type":"SearchAction","target":{"@type":"EntryPoint","urlTemplate":"https:\/\/staiceleskrummellenes.lv\/?s={search_term_string}"},"query-input":{"@type":"PropertyValueSpecification","valueRequired":true,"valueName":"search_term_string"}}],"inLanguage":"en-US"},{"@type":"Organization","@id":"https:\/\/staiceleskrummellenes.lv\/#organization","name":"Staiceles Kr\u016bmmellenes","url":"https:\/\/staiceleskrummellenes.lv\/","logo":{"@type":"ImageObject","inLanguage":"en-US","@id":"https:\/\/staiceleskrummellenes.lv\/#\/schema\/logo\/image\/","url":"https:\/\/staiceleskrummellenes.lv\/wp-content\/uploads\/2022\/04\/Unlogo2.jpg","contentUrl":"https:\/\/staiceleskrummellenes.lv\/wp-content\/uploads\/2022\/04\/Unlogo2.jpg","width":166,"height":40,"caption":"Staiceles Kr\u016bmmellenes"},"image":{"@id":"https:\/\/staiceleskrummellenes.lv\/#\/schema\/logo\/image\/"},"sameAs":["https:\/\/www.facebook.com\/staiceleskrummellenes","https:\/\/www.instagram.com\/staiceleskrummellenes\/","https:\/\/www.pinterest.com\/staiceleskrummellenes\/"]}]}},"_links":{"self":[{"href":"https:\/\/staiceleskrummellenes.lv\/en\/wp-json\/wp\/v2\/product\/18559","targetHints":{"allow":["GET"]}}],"collection":[{"href":"https:\/\/staiceleskrummellenes.lv\/en\/wp-json\/wp\/v2\/product"}],"about":[{"href":"https:\/\/staiceleskrummellenes.lv\/en\/wp-json\/wp\/v2\/types\/product"}],"replies":[{"embeddable":true,"href":"https:\/\/staiceleskrummellenes.lv\/en\/wp-json\/wp\/v2\/comments?post=18559"}],"wp:featuredmedia":[{"embeddable":true,"href":"https:\/\/staiceleskrummellenes.lv\/en\/wp-json\/wp\/v2\/media\/18563"}],"wp:attachment":[{"href":"https:\/\/staiceleskrummellenes.lv\/en\/wp-json\/wp\/v2\/media?parent=18559"}],"wp:term":[{"taxonomy":"product_brand","embeddable":true,"href":"https:\/\/staiceleskrummellenes.lv\/en\/wp-json\/wp\/v2\/product_brand?post=18559"},{"taxonomy":"product_cat","embeddable":true,"href":"https:\/\/staiceleskrummellenes.lv\/en\/wp-json\/wp\/v2\/product_cat?post=18559"},{"taxonomy":"product_tag","embeddable":true,"href":"https:\/\/staiceleskrummellenes.lv\/en\/wp-json\/wp\/v2\/product_tag?post=18559"}],"curies":[{"name":"wp","href":"https:\/\/api.w.org\/{rel}","templated":true}]}}