{"id":18596,"date":"2022-12-21T13:12:25","date_gmt":"2022-12-21T11:12:25","guid":{"rendered":"https:\/\/staiceleskrummellenes.lv\/?post_type=product&#038;p=18596"},"modified":"2022-12-21T15:05:12","modified_gmt":"2022-12-21T13:05:12","slug":"davanu-karte","status":"publish","type":"product","link":"https:\/\/staiceleskrummellenes.lv\/en\/product\/davanu-karte\/","title":{"rendered":"D\u0101vanu Karte"},"content":{"rendered":"","protected":false},"excerpt":{"rendered":"","protected":false},"featured_media":18605,"comment_status":"closed","ping_status":"closed","template":"","meta":[],"product_brand":[],"product_cat":[59],"product_tag":[],"class_list":{"0":"post-18596","1":"product","2":"type-product","3":"status-publish","4":"has-post-thumbnail","6":"product_cat-oga","8":"first","9":"instock","10":"taxable","11":"shipping-taxable","12":"purchasable","13":"product-type-variable"},"yoast_head":"<!-- This site is optimized with the Yoast SEO plugin v27.4 - https:\/\/yoast.com\/product\/yoast-seo-wordpress\/ -->\n<title>D\u0101vanu Karte - Staiceles kr\u016bmmellenes<\/title>\n<meta name=\"robots\" content=\"index, follow, max-snippet:-1, max-image-preview:large, max-video-preview:-1\" \/>\n<link rel=\"canonical\" href=\"https:\/\/staiceleskrummellenes.lv\/en\/product\/davanu-karte\/\" \/>\n<meta property=\"og:locale\" content=\"en_US\" \/>\n<meta property=\"og:type\" content=\"article\" \/>\n<meta property=\"og:title\" content=\"D\u0101vanu Karte - Staiceles kr\u016bmmellenes\" \/>\n<meta property=\"og:url\" content=\"https:\/\/staiceleskrummellenes.lv\/en\/product\/davanu-karte\/\" \/>\n<meta property=\"og:site_name\" content=\"Staiceles kr\u016bmmellenes\" \/>\n<meta property=\"article:publisher\" content=\"https:\/\/www.facebook.com\/staiceleskrummellenes\" \/>\n<meta property=\"article:modified_time\" content=\"2022-12-21T13:05:12+00:00\" \/>\n<meta property=\"og:image\" content=\"https:\/\/staiceleskrummellenes.lv\/wp-content\/uploads\/2022\/12\/foto-Kaspars-Garda-KGX_7406--scaled.jpg\" \/>\n\t<meta property=\"og:image:width\" content=\"2560\" \/>\n\t<meta property=\"og:image:height\" content=\"1709\" \/>\n\t<meta property=\"og:image:type\" content=\"image\/jpeg\" \/>\n<meta name=\"twitter:card\" content=\"summary_large_image\" \/>\n<script type=\"application\/ld+json\" class=\"yoast-schema-graph\">{\"@context\":\"https:\\\/\\\/schema.org\",\"@graph\":[{\"@type\":\"WebPage\",\"@id\":\"https:\\\/\\\/staiceleskrummellenes.lv\\\/product\\\/davanu-karte\\\/\",\"url\":\"https:\\\/\\\/staiceleskrummellenes.lv\\\/product\\\/davanu-karte\\\/\",\"name\":\"D\u0101vanu Karte - Staiceles kr\u016bmmellenes\",\"isPartOf\":{\"@id\":\"https:\\\/\\\/staiceleskrummellenes.lv\\\/#website\"},\"primaryImageOfPage\":{\"@id\":\"https:\\\/\\\/staiceleskrummellenes.lv\\\/product\\\/davanu-karte\\\/#primaryimage\"},\"image\":{\"@id\":\"https:\\\/\\\/staiceleskrummellenes.lv\\\/product\\\/davanu-karte\\\/#primaryimage\"},\"thumbnailUrl\":\"https:\\\/\\\/staiceleskrummellenes.lv\\\/wp-content\\\/uploads\\\/2022\\\/12\\\/foto-Kaspars-Garda-KGX_7406--scaled.jpg\",\"datePublished\":\"2022-12-21T11:12:25+00:00\",\"dateModified\":\"2022-12-21T13:05:12+00:00\",\"breadcrumb\":{\"@id\":\"https:\\\/\\\/staiceleskrummellenes.lv\\\/product\\\/davanu-karte\\\/#breadcrumb\"},\"inLanguage\":\"en-US\",\"potentialAction\":[{\"@type\":\"ReadAction\",\"target\":[\"https:\\\/\\\/staiceleskrummellenes.lv\\\/product\\\/davanu-karte\\\/\"]}]},{\"@type\":\"ImageObject\",\"inLanguage\":\"en-US\",\"@id\":\"https:\\\/\\\/staiceleskrummellenes.lv\\\/product\\\/davanu-karte\\\/#primaryimage\",\"url\":\"https:\\\/\\\/staiceleskrummellenes.lv\\\/wp-content\\\/uploads\\\/2022\\\/12\\\/foto-Kaspars-Garda-KGX_7406--scaled.jpg\",\"contentUrl\":\"https:\\\/\\\/staiceleskrummellenes.lv\\\/wp-content\\\/uploads\\\/2022\\\/12\\\/foto-Kaspars-Garda-KGX_7406--scaled.jpg\",\"width\":2560,\"height\":1709},{\"@type\":\"BreadcrumbList\",\"@id\":\"https:\\\/\\\/staiceleskrummellenes.lv\\\/product\\\/davanu-karte\\\/#breadcrumb\",\"itemListElement\":[{\"@type\":\"ListItem\",\"position\":1,\"name\":\"Home\",\"item\":\"https:\\\/\\\/staiceleskrummellenes.lv\\\/\"},{\"@type\":\"ListItem\",\"position\":2,\"name\":\"Veikals\",\"item\":\"https:\\\/\\\/staiceleskrummellenes.lv\\\/veikals\\\/\"},{\"@type\":\"ListItem\",\"position\":3,\"name\":\"D\u0101vanu Karte\"}]},{\"@type\":\"WebSite\",\"@id\":\"https:\\\/\\\/staiceleskrummellenes.lv\\\/#website\",\"url\":\"https:\\\/\\\/staiceleskrummellenes.lv\\\/\",\"name\":\"Staiceles kr\u016bmmellenes\",\"description\":\"Audz\u0113ts staicel\u0113\",\"publisher\":{\"@id\":\"https:\\\/\\\/staiceleskrummellenes.lv\\\/#organization\"},\"potentialAction\":[{\"@type\":\"SearchAction\",\"target\":{\"@type\":\"EntryPoint\",\"urlTemplate\":\"https:\\\/\\\/staiceleskrummellenes.lv\\\/?s={search_term_string}\"},\"query-input\":{\"@type\":\"PropertyValueSpecification\",\"valueRequired\":true,\"valueName\":\"search_term_string\"}}],\"inLanguage\":\"en-US\"},{\"@type\":\"Organization\",\"@id\":\"https:\\\/\\\/staiceleskrummellenes.lv\\\/#organization\",\"name\":\"Staiceles Kr\u016bmmellenes\",\"url\":\"https:\\\/\\\/staiceleskrummellenes.lv\\\/\",\"logo\":{\"@type\":\"ImageObject\",\"inLanguage\":\"en-US\",\"@id\":\"https:\\\/\\\/staiceleskrummellenes.lv\\\/#\\\/schema\\\/logo\\\/image\\\/\",\"url\":\"https:\\\/\\\/staiceleskrummellenes.lv\\\/wp-content\\\/uploads\\\/2022\\\/04\\\/Unlogo2.jpg\",\"contentUrl\":\"https:\\\/\\\/staiceleskrummellenes.lv\\\/wp-content\\\/uploads\\\/2022\\\/04\\\/Unlogo2.jpg\",\"width\":166,\"height\":40,\"caption\":\"Staiceles Kr\u016bmmellenes\"},\"image\":{\"@id\":\"https:\\\/\\\/staiceleskrummellenes.lv\\\/#\\\/schema\\\/logo\\\/image\\\/\"},\"sameAs\":[\"https:\\\/\\\/www.facebook.com\\\/staiceleskrummellenes\",\"https:\\\/\\\/www.instagram.com\\\/staiceleskrummellenes\\\/\",\"https:\\\/\\\/www.pinterest.com\\\/staiceleskrummellenes\\\/\"]}]}<\/script>\n<!-- \/ Yoast SEO plugin. -->","yoast_head_json":{"title":"D\u0101vanu Karte - Staiceles kr\u016bmmellenes","robots":{"index":"index","follow":"follow","max-snippet":"max-snippet:-1","max-image-preview":"max-image-preview:large","max-video-preview":"max-video-preview:-1"},"canonical":"https:\/\/staiceleskrummellenes.lv\/en\/product\/davanu-karte\/","og_locale":"en_US","og_type":"article","og_title":"D\u0101vanu Karte - Staiceles kr\u016bmmellenes","og_url":"https:\/\/staiceleskrummellenes.lv\/en\/product\/davanu-karte\/","og_site_name":"Staiceles kr\u016bmmellenes","article_publisher":"https:\/\/www.facebook.com\/staiceleskrummellenes","article_modified_time":"2022-12-21T13:05:12+00:00","og_image":[{"width":2560,"height":1709,"url":"https:\/\/staiceleskrummellenes.lv\/wp-content\/uploads\/2022\/12\/foto-Kaspars-Garda-KGX_7406--scaled.jpg","type":"image\/jpeg"}],"twitter_card":"summary_large_image","schema":{"@context":"https:\/\/schema.org","@graph":[{"@type":"WebPage","@id":"https:\/\/staiceleskrummellenes.lv\/product\/davanu-karte\/","url":"https:\/\/staiceleskrummellenes.lv\/product\/davanu-karte\/","name":"D\u0101vanu Karte - Staiceles kr\u016bmmellenes","isPartOf":{"@id":"https:\/\/staiceleskrummellenes.lv\/#website"},"primaryImageOfPage":{"@id":"https:\/\/staiceleskrummellenes.lv\/product\/davanu-karte\/#primaryimage"},"image":{"@id":"https:\/\/staiceleskrummellenes.lv\/product\/davanu-karte\/#primaryimage"},"thumbnailUrl":"https:\/\/staiceleskrummellenes.lv\/wp-content\/uploads\/2022\/12\/foto-Kaspars-Garda-KGX_7406--scaled.jpg","datePublished":"2022-12-21T11:12:25+00:00","dateModified":"2022-12-21T13:05:12+00:00","breadcrumb":{"@id":"https:\/\/staiceleskrummellenes.lv\/product\/davanu-karte\/#breadcrumb"},"inLanguage":"en-US","potentialAction":[{"@type":"ReadAction","target":["https:\/\/staiceleskrummellenes.lv\/product\/davanu-karte\/"]}]},{"@type":"ImageObject","inLanguage":"en-US","@id":"https:\/\/staiceleskrummellenes.lv\/product\/davanu-karte\/#primaryimage","url":"https:\/\/staiceleskrummellenes.lv\/wp-content\/uploads\/2022\/12\/foto-Kaspars-Garda-KGX_7406--scaled.jpg","contentUrl":"https:\/\/staiceleskrummellenes.lv\/wp-content\/uploads\/2022\/12\/foto-Kaspars-Garda-KGX_7406--scaled.jpg","width":2560,"height":1709},{"@type":"BreadcrumbList","@id":"https:\/\/staiceleskrummellenes.lv\/product\/davanu-karte\/#breadcrumb","itemListElement":[{"@type":"ListItem","position":1,"name":"Home","item":"https:\/\/staiceleskrummellenes.lv\/"},{"@type":"ListItem","position":2,"name":"Veikals","item":"https:\/\/staiceleskrummellenes.lv\/veikals\/"},{"@type":"ListItem","position":3,"name":"D\u0101vanu Karte"}]},{"@type":"WebSite","@id":"https:\/\/staiceleskrummellenes.lv\/#website","url":"https:\/\/staiceleskrummellenes.lv\/","name":"Staiceles kr\u016bmmellenes","description":"Audz\u0113ts staicel\u0113","publisher":{"@id":"https:\/\/staiceleskrummellenes.lv\/#organization"},"potentialAction":[{"@type":"SearchAction","target":{"@type":"EntryPoint","urlTemplate":"https:\/\/staiceleskrummellenes.lv\/?s={search_term_string}"},"query-input":{"@type":"PropertyValueSpecification","valueRequired":true,"valueName":"search_term_string"}}],"inLanguage":"en-US"},{"@type":"Organization","@id":"https:\/\/staiceleskrummellenes.lv\/#organization","name":"Staiceles Kr\u016bmmellenes","url":"https:\/\/staiceleskrummellenes.lv\/","logo":{"@type":"ImageObject","inLanguage":"en-US","@id":"https:\/\/staiceleskrummellenes.lv\/#\/schema\/logo\/image\/","url":"https:\/\/staiceleskrummellenes.lv\/wp-content\/uploads\/2022\/04\/Unlogo2.jpg","contentUrl":"https:\/\/staiceleskrummellenes.lv\/wp-content\/uploads\/2022\/04\/Unlogo2.jpg","width":166,"height":40,"caption":"Staiceles Kr\u016bmmellenes"},"image":{"@id":"https:\/\/staiceleskrummellenes.lv\/#\/schema\/logo\/image\/"},"sameAs":["https:\/\/www.facebook.com\/staiceleskrummellenes","https:\/\/www.instagram.com\/staiceleskrummellenes\/","https:\/\/www.pinterest.com\/staiceleskrummellenes\/"]}]}},"_links":{"self":[{"href":"https:\/\/staiceleskrummellenes.lv\/en\/wp-json\/wp\/v2\/product\/18596","targetHints":{"allow":["GET"]}}],"collection":[{"href":"https:\/\/staiceleskrummellenes.lv\/en\/wp-json\/wp\/v2\/product"}],"about":[{"href":"https:\/\/staiceleskrummellenes.lv\/en\/wp-json\/wp\/v2\/types\/product"}],"replies":[{"embeddable":true,"href":"https:\/\/staiceleskrummellenes.lv\/en\/wp-json\/wp\/v2\/comments?post=18596"}],"wp:featuredmedia":[{"embeddable":true,"href":"https:\/\/staiceleskrummellenes.lv\/en\/wp-json\/wp\/v2\/media\/18605"}],"wp:attachment":[{"href":"https:\/\/staiceleskrummellenes.lv\/en\/wp-json\/wp\/v2\/media?parent=18596"}],"wp:term":[{"taxonomy":"product_brand","embeddable":true,"href":"https:\/\/staiceleskrummellenes.lv\/en\/wp-json\/wp\/v2\/product_brand?post=18596"},{"taxonomy":"product_cat","embeddable":true,"href":"https:\/\/staiceleskrummellenes.lv\/en\/wp-json\/wp\/v2\/product_cat?post=18596"},{"taxonomy":"product_tag","embeddable":true,"href":"https:\/\/staiceleskrummellenes.lv\/en\/wp-json\/wp\/v2\/product_tag?post=18596"}],"curies":[{"name":"wp","href":"https:\/\/api.w.org\/{rel}","templated":true}]}}